{"id":10016,"date":"2022-05-10T07:40:26","date_gmt":"2022-05-10T07:40:26","guid":{"rendered":"https:\/\/lightup.lv\/product\/kresls-gossip-2\/"},"modified":"2024-01-30T15:26:09","modified_gmt":"2024-01-30T15:26:09","slug":"kresls-gossip-2","status":"publish","type":"product","link":"https:\/\/lightup.lv\/lt\/precu-katalogs\/kresls-gossip-2\/","title":{"rendered":"Apkalb\u0173 k\u0117d\u0117"},"content":{"rendered":"<p>Med\u017eiaga \u2013 polipropilenas<br \/>\n\u012evairios spalvos<br \/>\nK\u0117d\u0117s auk\u0161tis \u2013 82 cm<br \/>\nS\u0117dyn\u0117s plotis \u2013 59 cm<br \/>\nK\u0117d\u0117s ilgis \u2013 56 cm<br \/>\nS\u0117dyn\u0117s auk\u0161tis \u2013 46 cm<\/p>\n<p>ID 621<\/p>","protected":false},"excerpt":{"rendered":"<p>Gossip ir viegls polipropil\u0113na kr\u0113sls ar l\u012bkumain\u0101m un apa\u013c\u0101m form\u0101m, sakraujams viens uz otra.<\/p>","protected":false},"featured_media":10017,"template":"","meta":{"_acf_changed":false},"product_brand":[],"product_cat":[126,28,122,50],"product_tag":[125],"class_list":{"0":"post-10016","1":"product","2":"type-product","3":"status-publish","4":"has-post-thumbnail","6":"product_cat-apmekletaju-kresli","7":"product_cat-kresli","8":"product_cat-terases-bara-kresli","9":"product_cat-terases-mebeles","10":"product_tag-pedrali","12":"first","13":"instock","14":"shipping-taxable","15":"purchasable","16":"product-type-simple"},"acf":[],"_links":{"self":[{"href":"https:\/\/lightup.lv\/lt\/wp-json\/wp\/v2\/product\/10016","targetHints":{"allow":["GET"]}}],"collection":[{"href":"https:\/\/lightup.lv\/lt\/wp-json\/wp\/v2\/product"}],"about":[{"href":"https:\/\/lightup.lv\/lt\/wp-json\/wp\/v2\/types\/product"}],"wp:featuredmedia":[{"embeddable":true,"href":"https:\/\/lightup.lv\/lt\/wp-json\/wp\/v2\/media\/10017"}],"wp:attachment":[{"href":"https:\/\/lightup.lv\/lt\/wp-json\/wp\/v2\/media?parent=10016"}],"wp:term":[{"taxonomy":"product_brand","embeddable":true,"href":"https:\/\/lightup.lv\/lt\/wp-json\/wp\/v2\/product_brand?post=10016"},{"taxonomy":"product_cat","embeddable":true,"href":"https:\/\/lightup.lv\/lt\/wp-json\/wp\/v2\/product_cat?post=10016"},{"taxonomy":"product_tag","embeddable":true,"href":"https:\/\/lightup.lv\/lt\/wp-json\/wp\/v2\/product_tag?post=10016"}],"curies":[{"name":"wp","href":"https:\/\/api.w.org\/{rel}","templated":true}]}}