{"id":10038,"date":"2022-05-10T07:59:47","date_gmt":"2022-05-10T07:59:47","guid":{"rendered":"https:\/\/lightup.lv\/product\/kresls-grace\/"},"modified":"2024-01-30T15:25:02","modified_gmt":"2024-01-30T15:25:02","slug":"kresls-grace","status":"publish","type":"product","link":"https:\/\/lightup.lv\/lt\/precu-katalogs\/kresls-grace\/","title":{"rendered":"Grace k\u0117d\u0117"},"content":{"rendered":"<p>Med\u017eiaga \u2013 polipropilenas, plienas<br \/>\nK\u0117d\u0117s auk\u0161tis \u2013 77 cm<br \/>\nS\u0113des platums \u2013 58 cm<br \/>\nKr\u0113sla garums \u201352 cm<br \/>\nS\u0117dyn\u0117s auk\u0161tis \u2013 45 cm<\/p>\n<p>Cena s\u0101kot NO: 140.78 eiro<br \/>\nKaina priklauso nuo konfig\u016bracijos ir pasirinkto audinio atspalvio.<\/p>\n<p>ID 410<\/p>","protected":false},"excerpt":{"rendered":"<p>Formu harmonija s\u0113dekl\u012b, atzveltn\u0113 un roku balst\u0101. Grace kr\u0113sls ar polipropil\u0113na apvalku, kas pastiprin\u0101ts ar stikla \u0161\u0137iedru un \u00d8 16mm t\u0113rauda caurules r\u0101mi. Sakraujami viens uz otra.<\/p>","protected":false},"featured_media":10039,"template":"","meta":{"_acf_changed":false},"product_brand":[],"product_cat":[126,121,28,51,50],"product_tag":[125],"class_list":{"0":"post-10038","1":"product","2":"type-product","3":"status-publish","4":"has-post-thumbnail","6":"product_cat-apmekletaju-kresli","7":"product_cat-biroja-kresli","8":"product_cat-kresli","9":"product_cat-kresli-terases-mebeles","10":"product_cat-terases-mebeles","11":"product_tag-pedrali","13":"first","14":"instock","15":"shipping-taxable","16":"purchasable","17":"product-type-simple"},"acf":[],"_links":{"self":[{"href":"https:\/\/lightup.lv\/lt\/wp-json\/wp\/v2\/product\/10038","targetHints":{"allow":["GET"]}}],"collection":[{"href":"https:\/\/lightup.lv\/lt\/wp-json\/wp\/v2\/product"}],"about":[{"href":"https:\/\/lightup.lv\/lt\/wp-json\/wp\/v2\/types\/product"}],"wp:featuredmedia":[{"embeddable":true,"href":"https:\/\/lightup.lv\/lt\/wp-json\/wp\/v2\/media\/10039"}],"wp:attachment":[{"href":"https:\/\/lightup.lv\/lt\/wp-json\/wp\/v2\/media?parent=10038"}],"wp:term":[{"taxonomy":"product_brand","embeddable":true,"href":"https:\/\/lightup.lv\/lt\/wp-json\/wp\/v2\/product_brand?post=10038"},{"taxonomy":"product_cat","embeddable":true,"href":"https:\/\/lightup.lv\/lt\/wp-json\/wp\/v2\/product_cat?post=10038"},{"taxonomy":"product_tag","embeddable":true,"href":"https:\/\/lightup.lv\/lt\/wp-json\/wp\/v2\/product_tag?post=10038"}],"curies":[{"name":"wp","href":"https:\/\/api.w.org\/{rel}","templated":true}]}}