{"id":10060,"date":"2022-05-10T08:10:44","date_gmt":"2022-05-10T08:10:44","guid":{"rendered":"https:\/\/lightup.lv\/product\/augstais-kresls-happy\/"},"modified":"2024-01-30T15:23:31","modified_gmt":"2024-01-30T15:23:31","slug":"augstais-kresls-happy","status":"publish","type":"product","link":"https:\/\/lightup.lv\/lt\/precu-katalogs\/augstais-kresls-happy\/","title":{"rendered":"Laiminga vaiki\u0161ka k\u0117dut\u0117"},"content":{"rendered":"<p>Med\u017eiaga \u2013 polipropilenas<br \/>\nK\u0117d\u0117s auk\u0161tis \u2013 80,5 cm<br \/>\nS\u0117dyn\u0117s plotis \u2013 48 cm<br \/>\nKr\u0113sla garums \u201341 cm<br \/>\nS\u0117dyn\u0117s auk\u0161tis \u2013 75 cm<\/p>\n<p>ID 490<\/p>","protected":false},"excerpt":{"rendered":"<p>Happy ir kolekcija, kas izce\u013cas ar smiekl\u012bgu un rota\u013c\u012bgu dizainu. B\u0101ra kr\u0113sls no polipropil\u0113na, kas pastiprin\u0101ts ar stikla \u0161\u0137iedru, ir iztur\u012bgs un viegls. \u0160\u012b versija sast\u0101v no div\u0101m savienot\u0101m da\u013c\u0101m, kuras var atdal\u012bt, lai ieg\u016btu divus da\u017e\u0101dus s\u0113dek\u013cu augstumus.<\/p>","protected":false},"featured_media":10061,"template":"","meta":{"_acf_changed":false},"product_brand":[],"product_cat":[126,29,28,51,122,50],"product_tag":[125],"class_list":{"0":"post-10060","1":"product","2":"type-product","3":"status-publish","4":"has-post-thumbnail","6":"product_cat-apmekletaju-kresli","7":"product_cat-bara-kresli","8":"product_cat-kresli","9":"product_cat-kresli-terases-mebeles","10":"product_cat-terases-bara-kresli","11":"product_cat-terases-mebeles","12":"product_tag-pedrali","14":"first","15":"instock","16":"shipping-taxable","17":"purchasable","18":"product-type-simple"},"acf":[],"_links":{"self":[{"href":"https:\/\/lightup.lv\/lt\/wp-json\/wp\/v2\/product\/10060","targetHints":{"allow":["GET"]}}],"collection":[{"href":"https:\/\/lightup.lv\/lt\/wp-json\/wp\/v2\/product"}],"about":[{"href":"https:\/\/lightup.lv\/lt\/wp-json\/wp\/v2\/types\/product"}],"wp:featuredmedia":[{"embeddable":true,"href":"https:\/\/lightup.lv\/lt\/wp-json\/wp\/v2\/media\/10061"}],"wp:attachment":[{"href":"https:\/\/lightup.lv\/lt\/wp-json\/wp\/v2\/media?parent=10060"}],"wp:term":[{"taxonomy":"product_brand","embeddable":true,"href":"https:\/\/lightup.lv\/lt\/wp-json\/wp\/v2\/product_brand?post=10060"},{"taxonomy":"product_cat","embeddable":true,"href":"https:\/\/lightup.lv\/lt\/wp-json\/wp\/v2\/product_cat?post=10060"},{"taxonomy":"product_tag","embeddable":true,"href":"https:\/\/lightup.lv\/lt\/wp-json\/wp\/v2\/product_tag?post=10060"}],"curies":[{"name":"wp","href":"https:\/\/api.w.org\/{rel}","templated":true}]}}