{"id":10071,"date":"2022-05-10T08:16:13","date_gmt":"2022-05-10T08:16:13","guid":{"rendered":"https:\/\/lightup.lv\/product\/augstais-bara-kresls-gliss-2\/"},"modified":"2024-01-30T15:22:49","modified_gmt":"2024-01-30T15:22:49","slug":"augstais-bara-kresls-gliss-2","status":"publish","type":"product","link":"https:\/\/lightup.lv\/lt\/precu-katalogs\/augstais-bara-kresls-gliss-2\/","title":{"rendered":"Auk\u0161ta baro k\u0117d\u0117 Gliss"},"content":{"rendered":"<p>Med\u017eiaga \u2013 polikarbonatas, plienas<br \/>\n\u012evairios spalvos<br \/>\nKr\u0113sla augstums \u201397 cm<br \/>\nS\u0117dyn\u0117s plotis \u2013 52 cm<br \/>\nK\u0117d\u0117s ilgis \u2013 47 cm<br \/>\nS\u0117dyn\u0117s auk\u0161tis \u2013 75 cm<\/p>\n<p>ID 906<\/p>","protected":false},"excerpt":{"rendered":"<p>Gliss ir m\u0101j\u012bga un ergonomiska forma, ko iedvesmoju\u0161i ikoniskie \u201cFifties\u201d kr\u0113sli, ar rakstur\u012bgu caurumu korpus\u0101. Kolekcija izce\u013cas ar savu komfortu un funkcionalit\u0101ti, ko pie\u0161\u0137ir l\u012bkumotie roku balsti, kas aptver \u0137ermeni un \u0113rta vad\u0101m\u012bba. B\u0101ra kr\u0113sls ar polikarbon\u0101ta apvalku un \u00d8 11mm t\u0113rauda r\u0101mi.<\/p>","protected":false},"featured_media":10072,"template":"","meta":{"_acf_changed":false},"product_brand":[],"product_cat":[126,29,28,51,122,50],"product_tag":[125],"class_list":{"0":"post-10071","1":"product","2":"type-product","3":"status-publish","4":"has-post-thumbnail","6":"product_cat-apmekletaju-kresli","7":"product_cat-bara-kresli","8":"product_cat-kresli","9":"product_cat-kresli-terases-mebeles","10":"product_cat-terases-bara-kresli","11":"product_cat-terases-mebeles","12":"product_tag-pedrali","14":"first","15":"instock","16":"shipping-taxable","17":"purchasable","18":"product-type-simple"},"acf":[],"_links":{"self":[{"href":"https:\/\/lightup.lv\/lt\/wp-json\/wp\/v2\/product\/10071","targetHints":{"allow":["GET"]}}],"collection":[{"href":"https:\/\/lightup.lv\/lt\/wp-json\/wp\/v2\/product"}],"about":[{"href":"https:\/\/lightup.lv\/lt\/wp-json\/wp\/v2\/types\/product"}],"wp:featuredmedia":[{"embeddable":true,"href":"https:\/\/lightup.lv\/lt\/wp-json\/wp\/v2\/media\/10072"}],"wp:attachment":[{"href":"https:\/\/lightup.lv\/lt\/wp-json\/wp\/v2\/media?parent=10071"}],"wp:term":[{"taxonomy":"product_brand","embeddable":true,"href":"https:\/\/lightup.lv\/lt\/wp-json\/wp\/v2\/product_brand?post=10071"},{"taxonomy":"product_cat","embeddable":true,"href":"https:\/\/lightup.lv\/lt\/wp-json\/wp\/v2\/product_cat?post=10071"},{"taxonomy":"product_tag","embeddable":true,"href":"https:\/\/lightup.lv\/lt\/wp-json\/wp\/v2\/product_tag?post=10071"}],"curies":[{"name":"wp","href":"https:\/\/api.w.org\/{rel}","templated":true}]}}