{"id":10087,"date":"2022-05-10T08:36:36","date_gmt":"2022-05-10T08:36:36","guid":{"rendered":"https:\/\/lightup.lv\/product\/atputas-kresls-host-lounge-2\/"},"modified":"2024-01-30T15:21:34","modified_gmt":"2024-01-30T15:21:34","slug":"atputas-kresls-host-lounge-2","status":"publish","type":"product","link":"https:\/\/lightup.lv\/lt\/precu-katalogs\/atputas-kresls-host-lounge-2\/","title":{"rendered":"\u0160eimininko poilsio fotelis"},"content":{"rendered":"<p>Materi\u0101ls \u2013 M\u0101ksl\u012bg\u0101 \u0101da, T\u0113rauds<br \/>\nK\u0117d\u0117s auk\u0161tis \u2013 70 cm<br \/>\nS\u0113des platums un garums \u2013 74 cm<br \/>\nS\u0113des augstums \u2013 40 cm<\/p>\n<p>ID 791<\/p>","protected":false},"excerpt":{"rendered":"<p>Host ir modul\u0101ra vienviet\u012bgu, divviet\u012bgu un st\u016bra s\u0113dvietu sist\u0113ma ar atzveltni un pufiem, kas piem\u0113rota lielam skaitam kombin\u0101ciju un piel\u0101gojumu. Polster\u0113ts atp\u016btas d\u012bv\u0101na bloks no poliuret\u0101na put\u0101m ar \u00d8 16mm t\u0113rauda r\u0101mi.<\/p>","protected":false},"featured_media":10088,"template":"","meta":{"_acf_changed":false},"product_brand":[],"product_cat":[115,119,101,28,116,113],"product_tag":[125],"class_list":{"0":"post-10087","1":"product","2":"type-product","3":"status-publish","4":"has-post-thumbnail","6":"product_cat-atputas-kresli-publisko-telpu-mebeles","7":"product_cat-atputas-kresli-kresli","8":"product_cat-biroja-mebeles","9":"product_cat-kresli","10":"product_cat-pufi","11":"product_cat-uzgaidamie-divani","12":"product_tag-pedrali","14":"first","15":"instock","16":"shipping-taxable","17":"purchasable","18":"product-type-simple"},"acf":[],"_links":{"self":[{"href":"https:\/\/lightup.lv\/lt\/wp-json\/wp\/v2\/product\/10087","targetHints":{"allow":["GET"]}}],"collection":[{"href":"https:\/\/lightup.lv\/lt\/wp-json\/wp\/v2\/product"}],"about":[{"href":"https:\/\/lightup.lv\/lt\/wp-json\/wp\/v2\/types\/product"}],"wp:featuredmedia":[{"embeddable":true,"href":"https:\/\/lightup.lv\/lt\/wp-json\/wp\/v2\/media\/10088"}],"wp:attachment":[{"href":"https:\/\/lightup.lv\/lt\/wp-json\/wp\/v2\/media?parent=10087"}],"wp:term":[{"taxonomy":"product_brand","embeddable":true,"href":"https:\/\/lightup.lv\/lt\/wp-json\/wp\/v2\/product_brand?post=10087"},{"taxonomy":"product_cat","embeddable":true,"href":"https:\/\/lightup.lv\/lt\/wp-json\/wp\/v2\/product_cat?post=10087"},{"taxonomy":"product_tag","embeddable":true,"href":"https:\/\/lightup.lv\/lt\/wp-json\/wp\/v2\/product_tag?post=10087"}],"curies":[{"name":"wp","href":"https:\/\/api.w.org\/{rel}","templated":true}]}}