{"id":10132,"date":"2022-05-10T11:08:44","date_gmt":"2022-05-10T11:08:44","guid":{"rendered":"https:\/\/lightup.lv\/product\/kresls-koi-booki-ar-atzveltni\/"},"modified":"2024-01-30T15:16:59","modified_gmt":"2024-01-30T15:16:59","slug":"kresls-koi-booki-ar-atzveltni","status":"publish","type":"product","link":"https:\/\/lightup.lv\/lt\/produktu-katalogas\/kresls-koi-booki-ar-atzveltni\/","title":{"rendered":"Koi-booki k\u0117d\u0117 su atlo\u0161u"},"content":{"rendered":"<p>Materi\u0101ls \u2013 Alum\u012bnijs, Polipropil\u0113ns<br \/>\n\u012evairios spalvos<br \/>\nKr\u0113sla augstums \u201380 cm<br \/>\nS\u0113des platums \u2013 53,5 cm<br \/>\nKr\u0113sla garums \u201352 cm<br \/>\nS\u0117dyn\u0117s auk\u0161tis \u2013 46 cm<\/p>\n<p>ID 370<\/p>","protected":false},"excerpt":{"rendered":"<p>\u0122eometrisko elementu atk\u0101rto\u0161an\u0101s veido grafisku rakstu, kas nosaka Koi-Booki kr\u0113sla izskatu un funkcion\u0101lo raksturu. Lietais polipropil\u0113na monokoks ir apvienots ar spiedienlieta alum\u012bnija r\u0101mi un ekstrud\u0113ta alum\u012bnija k\u0101j\u0101m. Koi-Booki ir saliekams, un to var apr\u012bkot ar savienojuma \u0101\u0137i s\u0113dek\u013cu rindu veido\u0161anai. Spilvens no termoform\u0113ta auduma pieejams k\u0101 aksesu\u0101rs. Pieejama ar\u012b ugunsdro\u0161\u0101 versij\u0101.<\/p>","protected":false},"featured_media":10133,"template":"","meta":{"_acf_changed":false},"product_brand":[],"product_cat":[126,121,28,38,51,50],"product_tag":[125],"class_list":{"0":"post-10132","1":"product","2":"type-product","3":"status-publish","4":"has-post-thumbnail","6":"product_cat-apmekletaju-kresli","7":"product_cat-biroja-kresli","8":"product_cat-kresli","9":"product_cat-kresli-pie-galda","10":"product_cat-kresli-terases-mebeles","11":"product_cat-terases-mebeles","12":"product_tag-pedrali","14":"first","15":"instock","16":"shipping-taxable","17":"purchasable","18":"product-type-simple"},"acf":[],"_links":{"self":[{"href":"https:\/\/lightup.lv\/lt\/wp-json\/wp\/v2\/product\/10132","targetHints":{"allow":["GET"]}}],"collection":[{"href":"https:\/\/lightup.lv\/lt\/wp-json\/wp\/v2\/product"}],"about":[{"href":"https:\/\/lightup.lv\/lt\/wp-json\/wp\/v2\/types\/product"}],"wp:featuredmedia":[{"embeddable":true,"href":"https:\/\/lightup.lv\/lt\/wp-json\/wp\/v2\/media\/10133"}],"wp:attachment":[{"href":"https:\/\/lightup.lv\/lt\/wp-json\/wp\/v2\/media?parent=10132"}],"wp:term":[{"taxonomy":"product_brand","embeddable":true,"href":"https:\/\/lightup.lv\/lt\/wp-json\/wp\/v2\/product_brand?post=10132"},{"taxonomy":"product_cat","embeddable":true,"href":"https:\/\/lightup.lv\/lt\/wp-json\/wp\/v2\/product_cat?post=10132"},{"taxonomy":"product_tag","embeddable":true,"href":"https:\/\/lightup.lv\/lt\/wp-json\/wp\/v2\/product_tag?post=10132"}],"curies":[{"name":"wp","href":"https:\/\/api.w.org\/{rel}","templated":true}]}}