{"id":10178,"date":"2022-05-10T12:28:43","date_gmt":"2022-05-10T12:28:43","guid":{"rendered":"https:\/\/lightup.lv\/product\/koka-kresls-nemea-ar-atzveltni-2\/"},"modified":"2024-01-30T15:13:36","modified_gmt":"2024-01-30T15:13:36","slug":"medine-kede-nemea-su-atlosu-2","status":"publish","type":"product","link":"https:\/\/lightup.lv\/lt\/precu-katalogs\/koka-kresls-nemea-ar-atzveltni-2\/","title":{"rendered":"Medin\u0117 k\u0117d\u0117 Nemea su atlo\u0161u"},"content":{"rendered":"<p>Med\u017eiaga \u2013 Mediena, aliuminis<br \/>\n\u012evairios spalvos<br \/>\nK\u0117d\u0117s auk\u0161tis \u2013 76,5 cm<br \/>\nS\u0117dyn\u0117s plotis \u2013 52 cm<br \/>\nK\u0117d\u0117s ilgis \u2013 50 cm<br \/>\nS\u0117dyn\u0117s auk\u0161tis \u2013 46 cm<\/p>\n<p>Kaina nuo: 438,08 eur\u0173<br \/>\nKaina priklauso nuo konfig\u016bracijos ir pasirinkto atspalvio.<\/p>\n<p>ID 2825<\/p>","protected":false},"excerpt":{"rendered":"<p>\u201eNemea\u201c kolekcijos dizainas primena klasikinio grak\u0161tumo id\u0117j\u0105, suformuot\u0105 laiko ir istorijos. Uosio faneruot\u0117s k\u0117d\u0117 su forma atlo\u0161u, leid\u017eian\u010diu j\u0105 pritvirtinti prie stalo. Uosio masyvo kojos ir aliuminio r\u0117mas.<\/p>","protected":false},"featured_media":10179,"template":"","meta":{"_acf_changed":false},"product_brand":[],"product_cat":[121,28,38,51,50],"product_tag":[125],"class_list":{"0":"post-10178","1":"product","2":"type-product","3":"status-publish","4":"has-post-thumbnail","6":"product_cat-biroja-kresli","7":"product_cat-kresli","8":"product_cat-kresli-pie-galda","9":"product_cat-kresli-terases-mebeles","10":"product_cat-terases-mebeles","11":"product_tag-pedrali","13":"first","14":"instock","15":"shipping-taxable","16":"purchasable","17":"product-type-simple"},"acf":[],"_links":{"self":[{"href":"https:\/\/lightup.lv\/lt\/wp-json\/wp\/v2\/product\/10178","targetHints":{"allow":["GET"]}}],"collection":[{"href":"https:\/\/lightup.lv\/lt\/wp-json\/wp\/v2\/product"}],"about":[{"href":"https:\/\/lightup.lv\/lt\/wp-json\/wp\/v2\/types\/product"}],"wp:featuredmedia":[{"embeddable":true,"href":"https:\/\/lightup.lv\/lt\/wp-json\/wp\/v2\/media\/10179"}],"wp:attachment":[{"href":"https:\/\/lightup.lv\/lt\/wp-json\/wp\/v2\/media?parent=10178"}],"wp:term":[{"taxonomy":"product_brand","embeddable":true,"href":"https:\/\/lightup.lv\/lt\/wp-json\/wp\/v2\/product_brand?post=10178"},{"taxonomy":"product_cat","embeddable":true,"href":"https:\/\/lightup.lv\/lt\/wp-json\/wp\/v2\/product_cat?post=10178"},{"taxonomy":"product_tag","embeddable":true,"href":"https:\/\/lightup.lv\/lt\/wp-json\/wp\/v2\/product_tag?post=10178"}],"curies":[{"name":"wp","href":"https:\/\/api.w.org\/{rel}","templated":true}]}}