{"id":10246,"date":"2022-05-10T13:20:58","date_gmt":"2022-05-10T13:20:58","guid":{"rendered":"https:\/\/lightup.lv\/product\/bara-kresls-nolita-artelpam-2\/"},"modified":"2024-01-30T14:27:05","modified_gmt":"2024-01-30T14:27:05","slug":"baro-kede-imesta-i-meno-kambari-2","status":"publish","type":"product","link":"https:\/\/lightup.lv\/lt\/precu-katalogs\/bara-kresls-nolita-artelpam-2\/","title":{"rendered":"Nolita lauko baro k\u0117d\u0117"},"content":{"rendered":"<p>Med\u017eiaga \u2013 plienas<br \/>\n\u012evairios spalvos<br \/>\nK\u0117d\u0117s auk\u0161tis \u2013 96 cm<br \/>\nS\u0117dyn\u0117s plotis \u2013 50,5 cm<br \/>\nK\u0117d\u0117s ilgis \u2013 48,5 cm<br \/>\nS\u0117dyn\u0117s auk\u0161tis \u2013 75 cm<\/p>\n<p>ID 3658<\/p>","protected":false},"excerpt":{"rendered":"<p>\u201eNolita\u201c \u2013 tai lauko k\u0117d\u017ei\u0173 kolekcija, primenanti istorinio kelio, kur\u012f Mario Pedrali prad\u0117jo 1963 m., sukurdamas savo pirm\u0105sias metalines sodo k\u0117des, prad\u017ei\u0105. Baro k\u0117d\u0117 su milteliniu b\u016bdu da\u017eytu plieniniu r\u0117mu, skirta naudoti lauke.<\/p>","protected":false},"featured_media":10247,"template":"","meta":{"_acf_changed":false},"product_brand":[],"product_cat":[29,124,28,38,51,122,50],"product_tag":[125],"class_list":{"0":"post-10246","1":"product","2":"type-product","3":"status-publish","4":"has-post-thumbnail","6":"product_cat-bara-kresli","7":"product_cat-kresli-konfernecu","8":"product_cat-kresli","9":"product_cat-kresli-pie-galda","10":"product_cat-kresli-terases-mebeles","11":"product_cat-terases-bara-kresli","12":"product_cat-terases-mebeles","13":"product_tag-pedrali","15":"first","16":"instock","17":"shipping-taxable","18":"purchasable","19":"product-type-simple"},"acf":[],"_links":{"self":[{"href":"https:\/\/lightup.lv\/lt\/wp-json\/wp\/v2\/product\/10246","targetHints":{"allow":["GET"]}}],"collection":[{"href":"https:\/\/lightup.lv\/lt\/wp-json\/wp\/v2\/product"}],"about":[{"href":"https:\/\/lightup.lv\/lt\/wp-json\/wp\/v2\/types\/product"}],"wp:featuredmedia":[{"embeddable":true,"href":"https:\/\/lightup.lv\/lt\/wp-json\/wp\/v2\/media\/10247"}],"wp:attachment":[{"href":"https:\/\/lightup.lv\/lt\/wp-json\/wp\/v2\/media?parent=10246"}],"wp:term":[{"taxonomy":"product_brand","embeddable":true,"href":"https:\/\/lightup.lv\/lt\/wp-json\/wp\/v2\/product_brand?post=10246"},{"taxonomy":"product_cat","embeddable":true,"href":"https:\/\/lightup.lv\/lt\/wp-json\/wp\/v2\/product_cat?post=10246"},{"taxonomy":"product_tag","embeddable":true,"href":"https:\/\/lightup.lv\/lt\/wp-json\/wp\/v2\/product_tag?post=10246"}],"curies":[{"name":"wp","href":"https:\/\/api.w.org\/{rel}","templated":true}]}}