{"id":10266,"date":"2022-05-10T13:37:11","date_gmt":"2022-05-10T13:37:11","guid":{"rendered":"https:\/\/lightup.lv\/product\/atputas-kresls-nolita-artelpam-2\/"},"modified":"2024-02-16T10:02:23","modified_gmt":"2024-02-16T10:02:23","slug":"atputas-kresls-nolita-artelpam-2","status":"publish","type":"product","link":"https:\/\/lightup.lv\/lt\/precu-katalogs\/atputas-kresls-nolita-artelpam-2\/","title":{"rendered":"Nolita lauko poilsio k\u0117d\u0117"},"content":{"rendered":"<p>Med\u017eiaga \u2013 plienas<br \/>\n\u012evairios spalvos<br \/>\nGalvga\u013ca augstums \u201378 cm<br \/>\nRoku balstu augstums &#8211; 53,5 cm<br \/>\nS\u0113des platums \u2013 70 cm<br \/>\nKr\u0113sla garums \u2013166 cm<br \/>\nK\u0101jga\u013ca augstums \u2013 35 cm<\/p>\n<p>ID 3654<\/p>\n<p> ID 3654.7<\/p>","protected":false},"excerpt":{"rendered":"<p>Nolita ir \u0101rtelpu kr\u0113slu kolekcija, kas atg\u0101dina v\u0113sturisk\u0101 kursa pirms\u0101kumus, ko Mario Pedrali aizs\u0101ka 1963. gad\u0101 ar saviem pirmajiem met\u0101la d\u0101rza kr\u0113sliem. Atp\u016btas kr\u0113sls ar t\u0113rauda r\u0101mi, kas p\u0101rkl\u0101ts ar pulverkr\u0101sojumu, lieto\u0161anai \u0101rpus telp\u0101m.<\/p>","protected":false},"featured_media":10267,"template":"","meta":{"_acf_changed":false},"product_brand":[],"product_cat":[80,119,28,38,51,50],"product_tag":[125],"class_list":{"0":"post-10266","1":"product","2":"type-product","3":"status-publish","4":"has-post-thumbnail","6":"product_cat-atputas-kresli","7":"product_cat-atputas-kresli-kresli","8":"product_cat-kresli","9":"product_cat-kresli-pie-galda","10":"product_cat-kresli-terases-mebeles","11":"product_cat-terases-mebeles","12":"product_tag-pedrali","14":"first","15":"instock","16":"shipping-taxable","17":"purchasable","18":"product-type-simple"},"acf":[],"_links":{"self":[{"href":"https:\/\/lightup.lv\/lt\/wp-json\/wp\/v2\/product\/10266","targetHints":{"allow":["GET"]}}],"collection":[{"href":"https:\/\/lightup.lv\/lt\/wp-json\/wp\/v2\/product"}],"about":[{"href":"https:\/\/lightup.lv\/lt\/wp-json\/wp\/v2\/types\/product"}],"wp:featuredmedia":[{"embeddable":true,"href":"https:\/\/lightup.lv\/lt\/wp-json\/wp\/v2\/media\/10267"}],"wp:attachment":[{"href":"https:\/\/lightup.lv\/lt\/wp-json\/wp\/v2\/media?parent=10266"}],"wp:term":[{"taxonomy":"product_brand","embeddable":true,"href":"https:\/\/lightup.lv\/lt\/wp-json\/wp\/v2\/product_brand?post=10266"},{"taxonomy":"product_cat","embeddable":true,"href":"https:\/\/lightup.lv\/lt\/wp-json\/wp\/v2\/product_cat?post=10266"},{"taxonomy":"product_tag","embeddable":true,"href":"https:\/\/lightup.lv\/lt\/wp-json\/wp\/v2\/product_tag?post=10266"}],"curies":[{"name":"wp","href":"https:\/\/api.w.org\/{rel}","templated":true}]}}