{"id":10277,"date":"2022-05-10T13:51:17","date_gmt":"2022-05-10T13:51:17","guid":{"rendered":"https:\/\/lightup.lv\/product\/metala-kresls-osaka-metal-ar-atzveltni\/"},"modified":"2024-01-30T14:18:42","modified_gmt":"2024-01-30T14:18:42","slug":"metala-kresls-osaka-metal-ar-atzveltni","status":"publish","type":"product","link":"https:\/\/lightup.lv\/lt\/precu-katalogs\/metala-kresls-osaka-metal-ar-atzveltni\/","title":{"rendered":"Osaka metalin\u0117 k\u0117d\u0117 su atlo\u0161u"},"content":{"rendered":"<p>Med\u017eiaga \u2013 plienas, mediena<br \/>\n\u012evairios spalvos<br \/>\nKr\u0113sla augstums \u201377,5 cm<br \/>\nRoku balstu augstums &#8211; 63 cm<br \/>\nS\u0113des platums \u2013 56 cm<br \/>\nKr\u0113sla garums \u201352 cm<br \/>\nS\u0113des augstums \u2013 45,5\u00a0 cm<\/p>\n<p>Cena s\u0101kot NO: 377,52 eiro<br \/>\nKaina priklauso nuo konfig\u016bracijos ir pasirinkto atspalvio.<\/p>\n<p>ID 5712<\/p>","protected":false},"excerpt":{"rendered":"<p>Osaka ir kr\u0113slu kolekcija ar sp\u0113c\u012bgu efektu, kuras konstrukcijas elementi atg\u0101dina ideogrammas line\u0101r\u0101s iez\u012bmes. Osaka Met\u0101la kr\u0113sls ar o\u0161a sapl\u0101k\u0161\u0146a apvalku un \u00d8 16mm t\u0113rauda r\u0101mi. Roku balsti no o\u0161a koka.<\/p>","protected":false},"featured_media":10278,"template":"","meta":{"_acf_changed":false},"product_brand":[],"product_cat":[121,28,38],"product_tag":[125],"class_list":{"0":"post-10277","1":"product","2":"type-product","3":"status-publish","4":"has-post-thumbnail","6":"product_cat-biroja-kresli","7":"product_cat-kresli","8":"product_cat-kresli-pie-galda","9":"product_tag-pedrali","11":"first","12":"instock","13":"shipping-taxable","14":"purchasable","15":"product-type-simple"},"acf":[],"_links":{"self":[{"href":"https:\/\/lightup.lv\/lt\/wp-json\/wp\/v2\/product\/10277","targetHints":{"allow":["GET"]}}],"collection":[{"href":"https:\/\/lightup.lv\/lt\/wp-json\/wp\/v2\/product"}],"about":[{"href":"https:\/\/lightup.lv\/lt\/wp-json\/wp\/v2\/types\/product"}],"wp:featuredmedia":[{"embeddable":true,"href":"https:\/\/lightup.lv\/lt\/wp-json\/wp\/v2\/media\/10278"}],"wp:attachment":[{"href":"https:\/\/lightup.lv\/lt\/wp-json\/wp\/v2\/media?parent=10277"}],"wp:term":[{"taxonomy":"product_brand","embeddable":true,"href":"https:\/\/lightup.lv\/lt\/wp-json\/wp\/v2\/product_brand?post=10277"},{"taxonomy":"product_cat","embeddable":true,"href":"https:\/\/lightup.lv\/lt\/wp-json\/wp\/v2\/product_cat?post=10277"},{"taxonomy":"product_tag","embeddable":true,"href":"https:\/\/lightup.lv\/lt\/wp-json\/wp\/v2\/product_tag?post=10277"}],"curies":[{"name":"wp","href":"https:\/\/api.w.org\/{rel}","templated":true}]}}