{"id":10286,"date":"2022-05-10T13:56:46","date_gmt":"2022-05-10T13:56:46","guid":{"rendered":"https:\/\/lightup.lv\/product\/kresls-osaka-metal-ar-atzveltni\/"},"modified":"2024-01-30T14:18:06","modified_gmt":"2024-01-30T14:18:06","slug":"osakos-metaline-kede-su-atlosu","status":"publish","type":"product","link":"https:\/\/lightup.lv\/lt\/precu-katalogs\/kresls-osaka-metal-ar-atzveltni\/","title":{"rendered":"Osaka metalin\u0117 k\u0117d\u0117 su atlo\u0161u"},"content":{"rendered":"<p>Med\u017eiaga \u2013 plienas, mediena<br \/>\n\u012evairios spalvos<br \/>\nK\u0117d\u0117s auk\u0161tis \u2013 77 cm<br \/>\nPoranki\u0173 auk\u0161tis yra 65 cm<br \/>\nS\u0117dyn\u0117s plotis \u2013 59,5 cm<br \/>\nK\u0117d\u0117s ilgis \u2013 51,5 cm<br \/>\nS\u0117dyn\u0117s auk\u0161tis \u2013 46 cm<\/p>\n<p>Kaina nuo: 396,88 eur\u0173<br \/>\nKaina priklauso nuo konfig\u016bracijos ir pasirinkto atspalvio.<\/p>\n<p>ID 5715<\/p>","protected":false},"excerpt":{"rendered":"<p>\u201eOsaka\u201c \u2013 tai ry\u0161kaus efekto k\u0117d\u017ei\u0173 kolekcija, kurios konstrukciniai elementai primena ideogramos linijinius bruo\u017eus. \u201eOsaka\u201c metalin\u0117 k\u0117d\u0117 su uosio faneros korpusu ir \u00d8 11 mm plieniniu r\u0117mu, \u00d8 11 mm. Uosio medienos porankiai.<\/p>","protected":false},"featured_media":10287,"template":"","meta":{"_acf_changed":false},"product_brand":[],"product_cat":[121,28,38],"product_tag":[125],"class_list":{"0":"post-10286","1":"product","2":"type-product","3":"status-publish","4":"has-post-thumbnail","6":"product_cat-biroja-kresli","7":"product_cat-kresli","8":"product_cat-kresli-pie-galda","9":"product_tag-pedrali","11":"first","12":"instock","13":"shipping-taxable","14":"purchasable","15":"product-type-simple"},"acf":[],"_links":{"self":[{"href":"https:\/\/lightup.lv\/lt\/wp-json\/wp\/v2\/product\/10286","targetHints":{"allow":["GET"]}}],"collection":[{"href":"https:\/\/lightup.lv\/lt\/wp-json\/wp\/v2\/product"}],"about":[{"href":"https:\/\/lightup.lv\/lt\/wp-json\/wp\/v2\/types\/product"}],"wp:featuredmedia":[{"embeddable":true,"href":"https:\/\/lightup.lv\/lt\/wp-json\/wp\/v2\/media\/10287"}],"wp:attachment":[{"href":"https:\/\/lightup.lv\/lt\/wp-json\/wp\/v2\/media?parent=10286"}],"wp:term":[{"taxonomy":"product_brand","embeddable":true,"href":"https:\/\/lightup.lv\/lt\/wp-json\/wp\/v2\/product_brand?post=10286"},{"taxonomy":"product_cat","embeddable":true,"href":"https:\/\/lightup.lv\/lt\/wp-json\/wp\/v2\/product_cat?post=10286"},{"taxonomy":"product_tag","embeddable":true,"href":"https:\/\/lightup.lv\/lt\/wp-json\/wp\/v2\/product_tag?post=10286"}],"curies":[{"name":"wp","href":"https:\/\/api.w.org\/{rel}","templated":true}]}}