{"id":10311,"date":"2022-05-10T15:05:23","date_gmt":"2022-05-10T15:05:23","guid":{"rendered":"https:\/\/lightup.lv\/product\/bara-kresls-osaka-metal-2\/"},"modified":"2024-01-30T14:15:44","modified_gmt":"2024-01-30T14:15:44","slug":"bara-kresls-osaka-metal-2","status":"publish","type":"product","link":"https:\/\/lightup.lv\/lt\/precu-katalogs\/bara-kresls-osaka-metal-2\/","title":{"rendered":"Baro k\u0117d\u0117 Osaka Metal"},"content":{"rendered":"<p>Med\u017eiaga \u2013 plienas, mediena<br \/>\nK\u0117d\u0117s auk\u0161tis \u2013 85 cm<br \/>\nS\u0117dyn\u0117s plotis \u2013 50 cm<br \/>\nKr\u0113sla garums \u2013 46,5 cm<br \/>\nS\u0113des augstums \u2013 75\u00a0 cm<\/p>\n<p>Cena s\u0101kot NO: 295,24 eiro<br \/>\nKaina priklauso nuo konfig\u016bracijos ir pasirinkto atspalvio.<\/p>\n<p>ID 5717<\/p>","protected":false},"excerpt":{"rendered":"<p>Osaka ir kr\u0113slu kolekcija ar sp\u0113c\u012bgu efektu, kuras konstrukcijas elementi atg\u0101dina ideogrammas line\u0101r\u0101s iez\u012bmes. Osaka Met\u0101la b\u0101ra kr\u0113sls ar o\u0161a sapl\u0101k\u0161\u0146a apvalku un \u00d8 11mm t\u0113rauda r\u0101mi.<\/p>","protected":false},"featured_media":10312,"template":"","meta":{"_acf_changed":false},"product_brand":[],"product_cat":[29,121,28,38,122,50],"product_tag":[125],"class_list":{"0":"post-10311","1":"product","2":"type-product","3":"status-publish","4":"has-post-thumbnail","6":"product_cat-bara-kresli","7":"product_cat-biroja-kresli","8":"product_cat-kresli","9":"product_cat-kresli-pie-galda","10":"product_cat-terases-bara-kresli","11":"product_cat-terases-mebeles","12":"product_tag-pedrali","14":"first","15":"instock","16":"shipping-taxable","17":"purchasable","18":"product-type-simple"},"acf":[],"_links":{"self":[{"href":"https:\/\/lightup.lv\/lt\/wp-json\/wp\/v2\/product\/10311","targetHints":{"allow":["GET"]}}],"collection":[{"href":"https:\/\/lightup.lv\/lt\/wp-json\/wp\/v2\/product"}],"about":[{"href":"https:\/\/lightup.lv\/lt\/wp-json\/wp\/v2\/types\/product"}],"wp:featuredmedia":[{"embeddable":true,"href":"https:\/\/lightup.lv\/lt\/wp-json\/wp\/v2\/media\/10312"}],"wp:attachment":[{"href":"https:\/\/lightup.lv\/lt\/wp-json\/wp\/v2\/media?parent=10311"}],"wp:term":[{"taxonomy":"product_brand","embeddable":true,"href":"https:\/\/lightup.lv\/lt\/wp-json\/wp\/v2\/product_brand?post=10311"},{"taxonomy":"product_cat","embeddable":true,"href":"https:\/\/lightup.lv\/lt\/wp-json\/wp\/v2\/product_cat?post=10311"},{"taxonomy":"product_tag","embeddable":true,"href":"https:\/\/lightup.lv\/lt\/wp-json\/wp\/v2\/product_tag?post=10311"}],"curies":[{"name":"wp","href":"https:\/\/api.w.org\/{rel}","templated":true}]}}