{"id":10324,"date":"2022-05-10T15:24:49","date_gmt":"2022-05-10T15:24:49","guid":{"rendered":"https:\/\/lightup.lv\/product\/kresls-plus-air\/"},"modified":"2024-01-30T14:14:38","modified_gmt":"2024-01-30T14:14:38","slug":"kresls-plus-air","status":"publish","type":"product","link":"https:\/\/lightup.lv\/lt\/produktu-katalogas\/kresls-plus-air\/","title":{"rendered":"Plius oro k\u0117d\u0117"},"content":{"rendered":"<p>Med\u017eiaga \u2013 polipropilenas<br \/>\n\u012evairios spalvos<br \/>\nK\u0117d\u0117s auk\u0161tis \u2013 80,5 cm<br \/>\nRoku balstu augstums &#8211; 67,5 cm<br \/>\nS\u0113des platums \u2013 65,5cm<br \/>\nKr\u0113sla garums \u2013 59cm<br \/>\nS\u0113des augstums \u2013 45,5 cm<\/p>\n<p>ID 630<\/p>","protected":false},"excerpt":{"rendered":"<p>Kr\u0113sls gan iek\u0161telp\u0101m, gan \u0101rtelp\u0101m. &#8221;Plus&#8221; ir kolekcija, kas apvieno d\u0101snus apjomus ar form\u0101lu dizaina eleganci, ide\u0101l\u0101 komforta un funkcionalit\u0101tes l\u012bdzsvar\u0101. Kr\u0113sls izgatavots no polipropil\u0113na.<\/p>","protected":false},"featured_media":10325,"template":"","meta":{"_acf_changed":false},"product_brand":[],"product_cat":[126,28,51,50],"product_tag":[125],"class_list":{"0":"post-10324","1":"product","2":"type-product","3":"status-publish","4":"has-post-thumbnail","6":"product_cat-apmekletaju-kresli","7":"product_cat-kresli","8":"product_cat-kresli-terases-mebeles","9":"product_cat-terases-mebeles","10":"product_tag-pedrali","12":"first","13":"instock","14":"shipping-taxable","15":"purchasable","16":"product-type-simple"},"acf":[],"_links":{"self":[{"href":"https:\/\/lightup.lv\/lt\/wp-json\/wp\/v2\/product\/10324","targetHints":{"allow":["GET"]}}],"collection":[{"href":"https:\/\/lightup.lv\/lt\/wp-json\/wp\/v2\/product"}],"about":[{"href":"https:\/\/lightup.lv\/lt\/wp-json\/wp\/v2\/types\/product"}],"wp:featuredmedia":[{"embeddable":true,"href":"https:\/\/lightup.lv\/lt\/wp-json\/wp\/v2\/media\/10325"}],"wp:attachment":[{"href":"https:\/\/lightup.lv\/lt\/wp-json\/wp\/v2\/media?parent=10324"}],"wp:term":[{"taxonomy":"product_brand","embeddable":true,"href":"https:\/\/lightup.lv\/lt\/wp-json\/wp\/v2\/product_brand?post=10324"},{"taxonomy":"product_cat","embeddable":true,"href":"https:\/\/lightup.lv\/lt\/wp-json\/wp\/v2\/product_cat?post=10324"},{"taxonomy":"product_tag","embeddable":true,"href":"https:\/\/lightup.lv\/lt\/wp-json\/wp\/v2\/product_tag?post=10324"}],"curies":[{"name":"wp","href":"https:\/\/api.w.org\/{rel}","templated":true}]}}