{"id":10401,"date":"2022-05-10T16:44:22","date_gmt":"2022-05-10T16:44:22","guid":{"rendered":"https:\/\/lightup.lv\/product\/kresls-snow-ar-atzveltni\/"},"modified":"2024-01-30T12:07:33","modified_gmt":"2024-01-30T12:07:33","slug":"kresls-snow-ar-atzveltni","status":"publish","type":"product","link":"https:\/\/lightup.lv\/lt\/precu-katalogs\/kresls-snow-ar-atzveltni\/","title":{"rendered":"Sniego k\u0117d\u0117 su atlo\u0161u"},"content":{"rendered":"<p>Med\u017eiaga \u2013 polipropilenas<br \/>\n\u012evairios spalvos<br \/>\nK\u0117d\u0117s auk\u0161tis \u2013 80,5 cm<br \/>\nS\u0117dyn\u0117s plotis \u2013 47 cm<br \/>\nKr\u0113sla garums \u201355 cm<br \/>\nS\u0113des augstums \u2013 45,5 cm<\/p>\n<p>ID 300<\/p>","protected":false},"excerpt":{"rendered":"<p>Rota\u013c\u012bg\u0101 forma, piel\u0101go\u0161an\u0101s gan \u0101rtelp\u0101m, gan iek\u0161telp\u0101m un iesp\u0113ja kr\u0113slus sakraut vienu virs otra ir padar\u012bjusi Snow kr\u0113slu kolekciju par jaunu klasiku. Kr\u0113sls izgatavots no polipropil\u0113na, kas pastirpin\u0101ts ar stikla \u0161\u0137iedr\u0101m, kas padara to cietu un taj\u0101 pa\u0161\u0101 laik\u0101 vieglu.<\/p>","protected":false},"featured_media":10402,"template":"","meta":{"_acf_changed":false},"product_brand":[],"product_cat":[126,121,124,28,51,50],"product_tag":[125],"class_list":{"0":"post-10401","1":"product","2":"type-product","3":"status-publish","4":"has-post-thumbnail","6":"product_cat-apmekletaju-kresli","7":"product_cat-biroja-kresli","8":"product_cat-kresli-konfernecu","9":"product_cat-kresli","10":"product_cat-kresli-terases-mebeles","11":"product_cat-terases-mebeles","12":"product_tag-pedrali","14":"first","15":"instock","16":"shipping-taxable","17":"purchasable","18":"product-type-simple"},"acf":[],"_links":{"self":[{"href":"https:\/\/lightup.lv\/lt\/wp-json\/wp\/v2\/product\/10401","targetHints":{"allow":["GET"]}}],"collection":[{"href":"https:\/\/lightup.lv\/lt\/wp-json\/wp\/v2\/product"}],"about":[{"href":"https:\/\/lightup.lv\/lt\/wp-json\/wp\/v2\/types\/product"}],"wp:featuredmedia":[{"embeddable":true,"href":"https:\/\/lightup.lv\/lt\/wp-json\/wp\/v2\/media\/10402"}],"wp:attachment":[{"href":"https:\/\/lightup.lv\/lt\/wp-json\/wp\/v2\/media?parent=10401"}],"wp:term":[{"taxonomy":"product_brand","embeddable":true,"href":"https:\/\/lightup.lv\/lt\/wp-json\/wp\/v2\/product_brand?post=10401"},{"taxonomy":"product_cat","embeddable":true,"href":"https:\/\/lightup.lv\/lt\/wp-json\/wp\/v2\/product_cat?post=10401"},{"taxonomy":"product_tag","embeddable":true,"href":"https:\/\/lightup.lv\/lt\/wp-json\/wp\/v2\/product_tag?post=10401"}],"curies":[{"name":"wp","href":"https:\/\/api.w.org\/{rel}","templated":true}]}}