{"id":10453,"date":"2022-05-10T17:35:48","date_gmt":"2022-05-10T17:35:48","guid":{"rendered":"https:\/\/lightup.lv\/product\/kresls-tribeca-artelpam-2\/"},"modified":"2024-01-30T12:00:45","modified_gmt":"2024-01-30T12:00:45","slug":"tribeca-kede-meno-erdvei-2","status":"publish","type":"product","link":"https:\/\/lightup.lv\/lt\/precu-katalogs\/kresls-tribeca-artelpam-2\/","title":{"rendered":"Tribeca lauko k\u0117d\u0117"},"content":{"rendered":"<p>Med\u017eiaga \u2013 PVC, plienas<br \/>\n\u012evairios spalvos<br \/>\nK\u0117d\u0117s auk\u0161tis \u2013 76,5 cm<br \/>\nS\u0117dyn\u0117s plotis \u2013 59 cm<br \/>\nK\u0117d\u0117s ilgis \u2013 51,5 cm<br \/>\nS\u0117dyn\u0117s auk\u0161tis \u2013 46,5 cm<\/p>\n<p>ID Tribeca-3665<\/p>","protected":false},"excerpt":{"rendered":"<p>\u201eTribeca\u201c nukelia mus laiku atgal su modernia septintojo de\u0161imtme\u010dio terasos k\u0117d\u017ei\u0173 interpretacija, pagaminta i\u0161 plieno ir austos med\u017eiagos. Fotelis su \u00d8 20 mm vamzd\u017eio konstrukcija, da\u017eytas milteliniu b\u016bdu, skirtas naudoti lauke, atlo\u0161as ir s\u0117dyn\u0117 i\u0161 austo ekstruzinio PVC su nailono \u0161erdimi. Specialiai sukurtas naudoti lauke. Galima sud\u0117ti vien\u0105 ant kito.<\/p>","protected":false},"featured_media":10454,"template":"","meta":{"_acf_changed":false},"product_brand":[],"product_cat":[126,28,38,51,50],"product_tag":[125],"class_list":{"0":"post-10453","1":"product","2":"type-product","3":"status-publish","4":"has-post-thumbnail","6":"product_cat-apmekletaju-kresli","7":"product_cat-kresli","8":"product_cat-kresli-pie-galda","9":"product_cat-kresli-terases-mebeles","10":"product_cat-terases-mebeles","11":"product_tag-pedrali","13":"first","14":"instock","15":"shipping-taxable","16":"purchasable","17":"product-type-simple"},"acf":[],"_links":{"self":[{"href":"https:\/\/lightup.lv\/lt\/wp-json\/wp\/v2\/product\/10453","targetHints":{"allow":["GET"]}}],"collection":[{"href":"https:\/\/lightup.lv\/lt\/wp-json\/wp\/v2\/product"}],"about":[{"href":"https:\/\/lightup.lv\/lt\/wp-json\/wp\/v2\/types\/product"}],"wp:featuredmedia":[{"embeddable":true,"href":"https:\/\/lightup.lv\/lt\/wp-json\/wp\/v2\/media\/10454"}],"wp:attachment":[{"href":"https:\/\/lightup.lv\/lt\/wp-json\/wp\/v2\/media?parent=10453"}],"wp:term":[{"taxonomy":"product_brand","embeddable":true,"href":"https:\/\/lightup.lv\/lt\/wp-json\/wp\/v2\/product_brand?post=10453"},{"taxonomy":"product_cat","embeddable":true,"href":"https:\/\/lightup.lv\/lt\/wp-json\/wp\/v2\/product_cat?post=10453"},{"taxonomy":"product_tag","embeddable":true,"href":"https:\/\/lightup.lv\/lt\/wp-json\/wp\/v2\/product_tag?post=10453"}],"curies":[{"name":"wp","href":"https:\/\/api.w.org\/{rel}","templated":true}]}}