{"id":10475,"date":"2022-05-10T17:48:59","date_gmt":"2022-05-10T17:48:59","guid":{"rendered":"https:\/\/lightup.lv\/product\/kresls-tribeca-artelpam-4\/"},"modified":"2024-01-30T11:59:35","modified_gmt":"2024-01-30T11:59:35","slug":"tribeca-kede-meno-erdvei-4","status":"publish","type":"product","link":"https:\/\/lightup.lv\/lt\/precu-katalogs\/kresls-tribeca-artelpam-4\/","title":{"rendered":"Tribeca lauko k\u0117d\u0117"},"content":{"rendered":"<p>Med\u017eiaga \u2013 PVC, plienas<br \/>\n\u012evairios spalvos<br \/>\nK\u0117d\u0117s auk\u0161tis \u2013 98,5 cm<br \/>\nS\u0117dyn\u0117s plotis \u2013 49,5 cm<br \/>\nK\u0117d\u0117s ilgis \u2013 46,5 cm<br \/>\nS\u0117dyn\u0117s auk\u0161tis \u2013 77,5 cm<\/p>\n<p>ID 3668<\/p>","protected":false},"excerpt":{"rendered":"<p>\u201eTribeca\u201c nukelia mus laiku atgal su modernia septintojo de\u0161imtme\u010dio terasos k\u0117d\u017ei\u0173 interpretacija, pagamintomis i\u0161 plieno ir pintos med\u017eiagos. K\u0117d\u0117s r\u0117mas su \u00d8 20 mm vamzd\u017ei\u0173 konstrukcija, da\u017eytas milteliniu b\u016bdu, skirtas naudoti lauke, atlo\u0161as ir s\u0117dyn\u0117 i\u0161 pinto ekstruzinio PVC su nailono \u0161erdimi. Specialiai sukurta naudoti lauke.<\/p>","protected":false},"featured_media":10476,"template":"","meta":{"_acf_changed":false},"product_brand":[],"product_cat":[126,29,124,28,38,51,122,50],"product_tag":[125],"class_list":{"0":"post-10475","1":"product","2":"type-product","3":"status-publish","4":"has-post-thumbnail","6":"product_cat-apmekletaju-kresli","7":"product_cat-bara-kresli","8":"product_cat-kresli-konfernecu","9":"product_cat-kresli","10":"product_cat-kresli-pie-galda","11":"product_cat-kresli-terases-mebeles","12":"product_cat-terases-bara-kresli","13":"product_cat-terases-mebeles","14":"product_tag-pedrali","16":"first","17":"instock","18":"shipping-taxable","19":"purchasable","20":"product-type-simple"},"acf":[],"_links":{"self":[{"href":"https:\/\/lightup.lv\/lt\/wp-json\/wp\/v2\/product\/10475","targetHints":{"allow":["GET"]}}],"collection":[{"href":"https:\/\/lightup.lv\/lt\/wp-json\/wp\/v2\/product"}],"about":[{"href":"https:\/\/lightup.lv\/lt\/wp-json\/wp\/v2\/types\/product"}],"wp:featuredmedia":[{"embeddable":true,"href":"https:\/\/lightup.lv\/lt\/wp-json\/wp\/v2\/media\/10476"}],"wp:attachment":[{"href":"https:\/\/lightup.lv\/lt\/wp-json\/wp\/v2\/media?parent=10475"}],"wp:term":[{"taxonomy":"product_brand","embeddable":true,"href":"https:\/\/lightup.lv\/lt\/wp-json\/wp\/v2\/product_brand?post=10475"},{"taxonomy":"product_cat","embeddable":true,"href":"https:\/\/lightup.lv\/lt\/wp-json\/wp\/v2\/product_cat?post=10475"},{"taxonomy":"product_tag","embeddable":true,"href":"https:\/\/lightup.lv\/lt\/wp-json\/wp\/v2\/product_tag?post=10475"}],"curies":[{"name":"wp","href":"https:\/\/api.w.org\/{rel}","templated":true}]}}