{"id":10486,"date":"2022-05-10T17:55:13","date_gmt":"2022-05-10T17:55:13","guid":{"rendered":"https:\/\/lightup.lv\/product\/kresls-tribeca-artelpam-5\/"},"modified":"2024-01-30T11:59:03","modified_gmt":"2024-01-30T11:59:03","slug":"kresls-tribeca-artelpam-5","status":"publish","type":"product","link":"https:\/\/lightup.lv\/lt\/produktu-katalogas\/kresls-tribeca-artelpam-5\/","title":{"rendered":"Tribeca lauko k\u0117d\u0117"},"content":{"rendered":"<p>Med\u017eiaga \u2013 PVC, plienas<br \/>\n\u012evairios spalvos<br \/>\nK\u0117d\u0117s auk\u0161tis \u2013 70 cm<br \/>\nPoranki\u0173 auk\u0161tis yra 56 cm<br \/>\nS\u0113des platums \u2013 72 cm<br \/>\nKr\u0113sla garums \u2013 61,5 cm<br \/>\nS\u0113des augstums \u2013 42 cm<\/p>\n<p>ID 3669<\/p>","protected":false},"excerpt":{"rendered":"<p>Tribeca atg\u0101dina pag\u0101tnes mierino\u0161\u0101s atska\u0146as, pied\u0101v\u0101jot m\u016bsdien\u012bgu klasisko se\u0161desmito gadu terases kr\u0113slu interpret\u0101ciju, kas izgatavota no t\u0113rauda un austas auklas. Atp\u016btas kr\u0113slam ir t\u0113rauda caurules r\u0101mis \u00d820 mm, kas p\u0101rkl\u0101ts ar pulvera p\u0101rkl\u0101jumu lieto\u0161anai \u0101rpus telp\u0101m, atzveltne un s\u0113deklis no vertik\u0101li austa ekstrud\u0113ta PVC ar neilona serdi. Kolekcija ir \u012bpa\u0161i izstr\u0101d\u0101ta lieto\u0161anai \u0101rpus telp\u0101m.<\/p>","protected":false},"featured_media":10487,"template":"","meta":{"_acf_changed":false},"product_brand":[],"product_cat":[126,124,28,38,51,50],"product_tag":[125],"class_list":{"0":"post-10486","1":"product","2":"type-product","3":"status-publish","4":"has-post-thumbnail","6":"product_cat-apmekletaju-kresli","7":"product_cat-kresli-konfernecu","8":"product_cat-kresli","9":"product_cat-kresli-pie-galda","10":"product_cat-kresli-terases-mebeles","11":"product_cat-terases-mebeles","12":"product_tag-pedrali","14":"first","15":"instock","16":"shipping-taxable","17":"purchasable","18":"product-type-simple"},"acf":[],"_links":{"self":[{"href":"https:\/\/lightup.lv\/lt\/wp-json\/wp\/v2\/product\/10486","targetHints":{"allow":["GET"]}}],"collection":[{"href":"https:\/\/lightup.lv\/lt\/wp-json\/wp\/v2\/product"}],"about":[{"href":"https:\/\/lightup.lv\/lt\/wp-json\/wp\/v2\/types\/product"}],"wp:featuredmedia":[{"embeddable":true,"href":"https:\/\/lightup.lv\/lt\/wp-json\/wp\/v2\/media\/10487"}],"wp:attachment":[{"href":"https:\/\/lightup.lv\/lt\/wp-json\/wp\/v2\/media?parent=10486"}],"wp:term":[{"taxonomy":"product_brand","embeddable":true,"href":"https:\/\/lightup.lv\/lt\/wp-json\/wp\/v2\/product_brand?post=10486"},{"taxonomy":"product_cat","embeddable":true,"href":"https:\/\/lightup.lv\/lt\/wp-json\/wp\/v2\/product_cat?post=10486"},{"taxonomy":"product_tag","embeddable":true,"href":"https:\/\/lightup.lv\/lt\/wp-json\/wp\/v2\/product_tag?post=10486"}],"curies":[{"name":"wp","href":"https:\/\/api.w.org\/{rel}","templated":true}]}}