{"id":10508,"date":"2022-05-10T18:09:28","date_gmt":"2022-05-10T18:09:28","guid":{"rendered":"https:\/\/lightup.lv\/product\/kresls-tweet-ar-atzveltni\/"},"modified":"2024-01-30T11:57:47","modified_gmt":"2024-01-30T11:57:47","slug":"tviterio-kede-su-atlosu","status":"publish","type":"product","link":"https:\/\/lightup.lv\/lt\/precu-katalogs\/kresls-tweet-ar-atzveltni\/","title":{"rendered":"Tviterio k\u0117d\u0117 su atlo\u0161u"},"content":{"rendered":"<p>Med\u017eiaga \u2013 polipropilenas, plienas<br \/>\n\u012evairios spalvos<br \/>\nK\u0117d\u0117s auk\u0161tis \u2013 80,5 cm<br \/>\nS\u0117dyn\u0117s plotis \u2013 54 cm<br \/>\nK\u0117d\u0117s ilgis \u2013 52,5 cm<br \/>\nS\u0117dyn\u0117s auk\u0161tis \u2013 46 cm<\/p>\n<p>ID 890<\/p>","protected":false},"excerpt":{"rendered":"<p>\u201eTweet\u201c \u2013 tai k\u0117d\u017ei\u0173 kolekcija, kurioje racionalus ir \u0161varus korpuso dizainas derinamas su pla\u010diu r\u0117m\u0173 ir apdailos pasirinkimu, siekiant u\u017etikrinti maksimal\u0173 pritaikym\u0105 nam\u0173 aplinkai. Sulankstoma k\u0117d\u0117 su dvigubu liejimo b\u016bdu pagamintu polipropileno korpusu ir \u00d814 mm plieninio vamzd\u017eio r\u0117mu.<\/p>","protected":false},"featured_media":10509,"template":"","meta":{"_acf_changed":false},"product_brand":[],"product_cat":[126,121,28],"product_tag":[125],"class_list":{"0":"post-10508","1":"product","2":"type-product","3":"status-publish","4":"has-post-thumbnail","6":"product_cat-apmekletaju-kresli","7":"product_cat-biroja-kresli","8":"product_cat-kresli","9":"product_tag-pedrali","11":"first","12":"instock","13":"shipping-taxable","14":"purchasable","15":"product-type-simple"},"acf":[],"_links":{"self":[{"href":"https:\/\/lightup.lv\/lt\/wp-json\/wp\/v2\/product\/10508","targetHints":{"allow":["GET"]}}],"collection":[{"href":"https:\/\/lightup.lv\/lt\/wp-json\/wp\/v2\/product"}],"about":[{"href":"https:\/\/lightup.lv\/lt\/wp-json\/wp\/v2\/types\/product"}],"wp:featuredmedia":[{"embeddable":true,"href":"https:\/\/lightup.lv\/lt\/wp-json\/wp\/v2\/media\/10509"}],"wp:attachment":[{"href":"https:\/\/lightup.lv\/lt\/wp-json\/wp\/v2\/media?parent=10508"}],"wp:term":[{"taxonomy":"product_brand","embeddable":true,"href":"https:\/\/lightup.lv\/lt\/wp-json\/wp\/v2\/product_brand?post=10508"},{"taxonomy":"product_cat","embeddable":true,"href":"https:\/\/lightup.lv\/lt\/wp-json\/wp\/v2\/product_cat?post=10508"},{"taxonomy":"product_tag","embeddable":true,"href":"https:\/\/lightup.lv\/lt\/wp-json\/wp\/v2\/product_tag?post=10508"}],"curies":[{"name":"wp","href":"https:\/\/api.w.org\/{rel}","templated":true}]}}