{"id":10594,"date":"2022-05-10T18:51:57","date_gmt":"2022-05-10T18:51:57","guid":{"rendered":"https:\/\/lightup.lv\/product\/bara-kresls-volt-2\/"},"modified":"2024-01-30T11:44:43","modified_gmt":"2024-01-30T11:44:43","slug":"baro-kede-2-itampa","status":"publish","type":"product","link":"https:\/\/lightup.lv\/lt\/precu-katalogs\/bara-kresls-volt-2\/","title":{"rendered":"Baro k\u0117d\u0117 Volt"},"content":{"rendered":"<p>Med\u017eiaga \u2013 polipropilenas<br \/>\n\u012evairios spalvos<br \/>\nK\u0117d\u0117s auk\u0161tis \u2013 100 cm<br \/>\nS\u0117dyn\u0117s plotis \u2013 47 cm<br \/>\nK\u0117d\u0117s ilgis \u2013 48 cm<br \/>\nS\u0117dyn\u0117s auk\u0161tis \u2013 76,5 cm<\/p>\n<p>ID 678<\/p>","protected":false},"excerpt":{"rendered":"<p>\u201eVolt\u201c kolekcija yra eleganti\u0161ka ir jauki. Ji pasi\u017eymi ergonomi\u0161ka forma ir gra\u017eiomis proporcijomis. Polipropileno baro k\u0117d\u0117, sutvirtinta stiklo pluo\u0161tu.<\/p>","protected":false},"featured_media":10595,"template":"","meta":{"_acf_changed":false},"product_brand":[],"product_cat":[126,29,121,124,28,122,50],"product_tag":[125],"class_list":{"0":"post-10594","1":"product","2":"type-product","3":"status-publish","4":"has-post-thumbnail","6":"product_cat-apmekletaju-kresli","7":"product_cat-bara-kresli","8":"product_cat-biroja-kresli","9":"product_cat-kresli-konfernecu","10":"product_cat-kresli","11":"product_cat-terases-bara-kresli","12":"product_cat-terases-mebeles","13":"product_tag-pedrali","15":"first","16":"instock","17":"shipping-taxable","18":"purchasable","19":"product-type-simple"},"acf":[],"_links":{"self":[{"href":"https:\/\/lightup.lv\/lt\/wp-json\/wp\/v2\/product\/10594","targetHints":{"allow":["GET"]}}],"collection":[{"href":"https:\/\/lightup.lv\/lt\/wp-json\/wp\/v2\/product"}],"about":[{"href":"https:\/\/lightup.lv\/lt\/wp-json\/wp\/v2\/types\/product"}],"wp:featuredmedia":[{"embeddable":true,"href":"https:\/\/lightup.lv\/lt\/wp-json\/wp\/v2\/media\/10595"}],"wp:attachment":[{"href":"https:\/\/lightup.lv\/lt\/wp-json\/wp\/v2\/media?parent=10594"}],"wp:term":[{"taxonomy":"product_brand","embeddable":true,"href":"https:\/\/lightup.lv\/lt\/wp-json\/wp\/v2\/product_brand?post=10594"},{"taxonomy":"product_cat","embeddable":true,"href":"https:\/\/lightup.lv\/lt\/wp-json\/wp\/v2\/product_cat?post=10594"},{"taxonomy":"product_tag","embeddable":true,"href":"https:\/\/lightup.lv\/lt\/wp-json\/wp\/v2\/product_tag?post=10594"}],"curies":[{"name":"wp","href":"https:\/\/api.w.org\/{rel}","templated":true}]}}