{"id":10609,"date":"2022-05-10T18:57:05","date_gmt":"2022-05-10T18:57:05","guid":{"rendered":"https:\/\/lightup.lv\/product\/kresls-volt-ar-atzveltni-2\/"},"modified":"2024-01-30T11:43:54","modified_gmt":"2024-01-30T11:43:54","slug":"kresls-volt-ar-atzveltni-2","status":"publish","type":"product","link":"https:\/\/lightup.lv\/lt\/precu-katalogs\/kresls-volt-ar-atzveltni-2\/","title":{"rendered":"Volt k\u0117d\u0117 su atlo\u0161u"},"content":{"rendered":"<p>Med\u017eiaga \u2013 polipropilenas<br \/>\n\u012evairios spalvos<br \/>\nKr\u0113sla augstums \u201383,5 cm<br \/>\nS\u0117dyn\u0117s plotis \u2013 51 cm<br \/>\nKr\u0113sla garums \u201355 cm<br \/>\nS\u0117dyn\u0117s auk\u0161tis \u2013 46 cm<\/p>\n<p>ID 673<\/p>","protected":false},"excerpt":{"rendered":"<p>Volt kolekcija ir eleganta un omul\u012bga. Tam ir ergonomiska forma un jaukas proporcijas. Polipropil\u0113na kr\u0113sls ar atzveltni, pastiprin\u0101ts ar stikla \u0161\u0137iedr\u0101m.<\/p>","protected":false},"featured_media":10610,"template":"","meta":{"_acf_changed":false},"product_brand":[],"product_cat":[126,121,124,28,51,50],"product_tag":[125],"class_list":{"0":"post-10609","1":"product","2":"type-product","3":"status-publish","4":"has-post-thumbnail","6":"product_cat-apmekletaju-kresli","7":"product_cat-biroja-kresli","8":"product_cat-kresli-konfernecu","9":"product_cat-kresli","10":"product_cat-kresli-terases-mebeles","11":"product_cat-terases-mebeles","12":"product_tag-pedrali","14":"first","15":"instock","16":"shipping-taxable","17":"purchasable","18":"product-type-simple"},"acf":[],"_links":{"self":[{"href":"https:\/\/lightup.lv\/lt\/wp-json\/wp\/v2\/product\/10609","targetHints":{"allow":["GET"]}}],"collection":[{"href":"https:\/\/lightup.lv\/lt\/wp-json\/wp\/v2\/product"}],"about":[{"href":"https:\/\/lightup.lv\/lt\/wp-json\/wp\/v2\/types\/product"}],"wp:featuredmedia":[{"embeddable":true,"href":"https:\/\/lightup.lv\/lt\/wp-json\/wp\/v2\/media\/10610"}],"wp:attachment":[{"href":"https:\/\/lightup.lv\/lt\/wp-json\/wp\/v2\/media?parent=10609"}],"wp:term":[{"taxonomy":"product_brand","embeddable":true,"href":"https:\/\/lightup.lv\/lt\/wp-json\/wp\/v2\/product_brand?post=10609"},{"taxonomy":"product_cat","embeddable":true,"href":"https:\/\/lightup.lv\/lt\/wp-json\/wp\/v2\/product_cat?post=10609"},{"taxonomy":"product_tag","embeddable":true,"href":"https:\/\/lightup.lv\/lt\/wp-json\/wp\/v2\/product_tag?post=10609"}],"curies":[{"name":"wp","href":"https:\/\/api.w.org\/{rel}","templated":true}]}}