{"id":10679,"date":"2022-05-12T09:47:04","date_gmt":"2022-05-12T09:47:04","guid":{"rendered":"https:\/\/lightup.lv\/product\/worklight-balta-galda-lampa\/"},"modified":"2024-02-04T08:26:22","modified_gmt":"2024-02-04T08:26:22","slug":"worklight-balta-galda-lampa","status":"publish","type":"product","link":"https:\/\/lightup.lv\/lt\/precu-katalogs\/worklight-balta-galda-lampa\/","title":{"rendered":"WORKLIGHT balta stalin\u0117 lempa"},"content":{"rendered":"<p>79 W \u0161viesos diodas, 4000 K, 7600 lm<\/p>\n<p>Pritemdomas \u2013 reguliuojamas \u0161viesos kiekis<\/p>\n<p>IP20 \u2013 atsparumas dr\u0117gmei<\/p>\n<p>Lampas stat\u012bva augstums \u2013 120 cm<\/p>\n<p>Lempos ilgis \u2013 69,2 cm<\/p>\n<p>Lempos plotis \u2013 31 cm<\/p>\n<p>Judesio jutiklis \u2013 infraraudon\u0173j\u0173 spinduli\u0173<\/p>\n<p>Laido ilgis \u2013 250 cm<\/p>\n<p> ID 1005394<\/p>","protected":false},"excerpt":{"rendered":"<p>Aistra, atsakomyb\u0117, pagarba ir patikimumas. Tai m\u016bs\u0173 pagrindin\u0117s vertyb\u0117s. \u017dod\u017eiai, kurie n\u0117ra tik tu\u0161ti reklaminiai \u017eod\u017eiai, bet kupini prasm\u0117s ir gyvyb\u0117s. M\u016bs\u0173 aistra \u0161viesai yra tokia pat dinami\u0161ka kaip ir pati \u0161viesa. Ap\u0161vietim\u0105 paversti patirtimi \u2013 ir kartu akimirka, kuria galima dalintis \u2013 yra m\u016bs\u0173 varomoji j\u0117ga. Norime b\u016bti j\u016bs\u0173 \u0161viesos vizijos sprendimas.<\/p>\n<p>Per pastaruosius 40 met\u0173 \u201eSLV Lighting Group\u201c tobulino profesionalius ap\u0161vietimo sprendimus, parduodama juos daugiau nei 100 \u0161ali\u0173. M\u016bs\u0173 prek\u0117s \u017eenklo pagrindin\u0117s vertyb\u0117s taip pat nepasikeit\u0117, nes mes ir toliau ie\u0161kome daugiau b\u016bd\u0173, kaip prad\u017eiuginti savo klientus naujausiomis inovacijomis ir stilingais nam\u0173, darbo ir komercin\u0117s aplinkos patobulinimais.<\/p>","protected":false},"featured_media":10680,"template":"","meta":{"_acf_changed":false},"product_brand":[],"product_cat":[42,56],"product_tag":[127],"class_list":{"0":"post-10679","1":"product","2":"type-product","3":"status-publish","4":"has-post-thumbnail","6":"product_cat-apgaismojums","7":"product_cat-galda-lampas","8":"product_tag-slv","10":"first","11":"instock","12":"shipping-taxable","13":"purchasable","14":"product-type-simple"},"acf":[],"_links":{"self":[{"href":"https:\/\/lightup.lv\/lt\/wp-json\/wp\/v2\/product\/10679","targetHints":{"allow":["GET"]}}],"collection":[{"href":"https:\/\/lightup.lv\/lt\/wp-json\/wp\/v2\/product"}],"about":[{"href":"https:\/\/lightup.lv\/lt\/wp-json\/wp\/v2\/types\/product"}],"wp:featuredmedia":[{"embeddable":true,"href":"https:\/\/lightup.lv\/lt\/wp-json\/wp\/v2\/media\/10680"}],"wp:attachment":[{"href":"https:\/\/lightup.lv\/lt\/wp-json\/wp\/v2\/media?parent=10679"}],"wp:term":[{"taxonomy":"product_brand","embeddable":true,"href":"https:\/\/lightup.lv\/lt\/wp-json\/wp\/v2\/product_brand?post=10679"},{"taxonomy":"product_cat","embeddable":true,"href":"https:\/\/lightup.lv\/lt\/wp-json\/wp\/v2\/product_cat?post=10679"},{"taxonomy":"product_tag","embeddable":true,"href":"https:\/\/lightup.lv\/lt\/wp-json\/wp\/v2\/product_tag?post=10679"}],"curies":[{"name":"wp","href":"https:\/\/api.w.org\/{rel}","templated":true}]}}