{"id":10820,"date":"2022-05-12T17:46:38","date_gmt":"2022-05-12T17:46:38","guid":{"rendered":"https:\/\/lightup.lv\/product\/one-linear-100-balta-piekarinama-lampa\/"},"modified":"2024-02-04T08:26:22","modified_gmt":"2024-02-04T08:26:22","slug":"one-linear-100-balta-piekarinama-lampa","status":"publish","type":"product","link":"https:\/\/lightup.lv\/lt\/produktu-katalogas\/one-linear-100-balta-piekarinama-lampa\/","title":{"rendered":"ONE LINEAR 100 balta piekaram\u0101 lampa"},"content":{"rendered":"<p>24W, 2700\/3000 K, 1250 lm ( regul\u0113jama gaismas temperat\u016bra)<\/p>\n<p>Pritemdomas \u2013 reguliuojamas \u0161viesos kiekis<\/p>\n<p>Lampas augstums \u2013 180 cm<\/p>\n<p>Lampas platums &#8211; 104 cm<\/p>\n<p> ID 1006186<\/p>","protected":false},"excerpt":{"rendered":"<p>Aistra, atsakomyb\u0117, pagarba ir patikimumas. Tai yra m\u016bs\u0173 pagrindin\u0117s vertyb\u0117s. \u017dod\u017eiai, kurie n\u0117ra tik tu\u0161ti rinkodaros \u017eod\u017eiai, bet kupini prasm\u0117s ir gyvenimo. M\u016bs\u0173 aistra \u0161viesai yra tokia pat dinami\u0161ka kaip ir pati \u0161viesa. Ap\u0161vietim\u0105 paversti patirtimi \u2013 ir tod\u0117l akimirka, kuria galima dalytis \u2013 yra m\u016bs\u0173 varomoji j\u0117ga. Norime b\u016bti sprendimas j\u016bs\u0173 \u0161viesos vizijai. Per pastaruosius 40 met\u0173 \u201eSLV Lighting Group\u201c i\u0161tobulino profesionalius ap\u0161vietimo sprendimus, parduodamus daugiau nei 100 \u0161ali\u0173. M\u016bs\u0173 prek\u0117s \u017eenklo pagrindin\u0117s vertyb\u0117s taip pat nepasikeit\u0117, nes mes ir toliau ie\u0161kome daugiau b\u016bd\u0173, kaip prad\u017eiuginti savo klientus naujausiomis inovacijomis ir stilingais j\u0173 nam\u0173, darbo ir komercin\u0117s aplinkos patobulinimais.<\/p>","protected":false},"featured_media":10821,"template":"","meta":{"_acf_changed":false},"product_brand":[],"product_cat":[42,106],"product_tag":[127],"class_list":{"0":"post-10820","1":"product","2":"type-product","3":"status-publish","4":"has-post-thumbnail","6":"product_cat-apgaismojums","7":"product_cat-biroja-lampas","8":"product_tag-slv","10":"first","11":"instock","12":"shipping-taxable","13":"purchasable","14":"product-type-simple"},"acf":[],"_links":{"self":[{"href":"https:\/\/lightup.lv\/lt\/wp-json\/wp\/v2\/product\/10820","targetHints":{"allow":["GET"]}}],"collection":[{"href":"https:\/\/lightup.lv\/lt\/wp-json\/wp\/v2\/product"}],"about":[{"href":"https:\/\/lightup.lv\/lt\/wp-json\/wp\/v2\/types\/product"}],"wp:featuredmedia":[{"embeddable":true,"href":"https:\/\/lightup.lv\/lt\/wp-json\/wp\/v2\/media\/10821"}],"wp:attachment":[{"href":"https:\/\/lightup.lv\/lt\/wp-json\/wp\/v2\/media?parent=10820"}],"wp:term":[{"taxonomy":"product_brand","embeddable":true,"href":"https:\/\/lightup.lv\/lt\/wp-json\/wp\/v2\/product_brand?post=10820"},{"taxonomy":"product_cat","embeddable":true,"href":"https:\/\/lightup.lv\/lt\/wp-json\/wp\/v2\/product_cat?post=10820"},{"taxonomy":"product_tag","embeddable":true,"href":"https:\/\/lightup.lv\/lt\/wp-json\/wp\/v2\/product_tag?post=10820"}],"curies":[{"name":"wp","href":"https:\/\/api.w.org\/{rel}","templated":true}]}}