{"id":10970,"date":"2022-05-13T09:08:54","date_gmt":"2022-05-13T09:08:54","guid":{"rendered":"https:\/\/lightup.lv\/product\/one-60-pd-melna-led-piekarama-lampa-2\/"},"modified":"2024-02-04T08:26:23","modified_gmt":"2024-02-04T08:26:23","slug":"vienas-60-pd-juodas-led-pakabinamas-sviestuvas-2","status":"publish","type":"product","link":"https:\/\/lightup.lv\/lt\/produktu-katalogas\/vienas-60-pd-juodas-led-pakabinamas-sviestuvas-2\/","title":{"rendered":"ONE 60 PD juodas LED pakabinamas \u0161viestuvas"},"content":{"rendered":"<p>24 W, CCT jungiklis 2700\/3000 K, 820\/830 lm (reguliuojama \u0161viesos temperat\u016bra)<\/p>\n<p>Pritemdomas \u2013 reguliuojamas \u0161viesos kiekis<\/p>\n<p>Spalva \u2013 juoda<\/p>\n<p>Lempos skersmuo \u2013 60 cm<\/p>\n<p>\u0160viestuvo auk\u0161tis \u2013 180 cm<\/p>\n<p> ID 1004759<\/p>","protected":false},"excerpt":{"rendered":"<p>Aistra, atsakomyb\u0117, pagarba ir patikimumas. Tai m\u016bs\u0173 pagrindin\u0117s vertyb\u0117s. \u017dod\u017eiai, kurie n\u0117ra tik tu\u0161ti rinkodaros \u017eod\u017eiai, bet kupini prasm\u0117s ir gyvyb\u0117s. M\u016bs\u0173 aistra \u0161viesai yra tokia pat dinami\u0161ka kaip ir pati \u0161viesa. Ap\u0161vietim\u0105 paversti patirtimi \u2013 ir tod\u0117l akimirka, kuria galima dalytis \u2013 yra m\u016bs\u0173 varomoji j\u0117ga. Norime b\u016bti sprendimas j\u016bs\u0173 \u0161viesos vizijai. Per pastaruosius 40 met\u0173 \u201eSLV Lighting Group\u201c i\u0161tobulino profesionalius ap\u0161vietimo sprendimus, parduodamus daugiau nei 100 \u0161ali\u0173. M\u016bs\u0173 prek\u0117s \u017eenklo pagrindin\u0117s vertyb\u0117s taip pat nepasikeit\u0117, nes mes ir toliau ie\u0161kome daugiau b\u016bd\u0173, kaip prad\u017eiuginti savo klientus naujausiomis inovacijomis ir stilingais nam\u0173, darbo ir komercin\u0117s aplinkos patobulinimais.<\/p>","protected":false},"featured_media":10971,"template":"","meta":{"_acf_changed":false},"product_brand":[],"product_cat":[42,106,43],"product_tag":[127],"class_list":{"0":"post-10970","1":"product","2":"type-product","3":"status-publish","4":"has-post-thumbnail","6":"product_cat-apgaismojums","7":"product_cat-biroja-lampas","8":"product_cat-piekaramas-lustras","9":"product_tag-slv","11":"first","12":"instock","13":"shipping-taxable","14":"purchasable","15":"product-type-simple"},"acf":[],"_links":{"self":[{"href":"https:\/\/lightup.lv\/lt\/wp-json\/wp\/v2\/product\/10970","targetHints":{"allow":["GET"]}}],"collection":[{"href":"https:\/\/lightup.lv\/lt\/wp-json\/wp\/v2\/product"}],"about":[{"href":"https:\/\/lightup.lv\/lt\/wp-json\/wp\/v2\/types\/product"}],"wp:featuredmedia":[{"embeddable":true,"href":"https:\/\/lightup.lv\/lt\/wp-json\/wp\/v2\/media\/10971"}],"wp:attachment":[{"href":"https:\/\/lightup.lv\/lt\/wp-json\/wp\/v2\/media?parent=10970"}],"wp:term":[{"taxonomy":"product_brand","embeddable":true,"href":"https:\/\/lightup.lv\/lt\/wp-json\/wp\/v2\/product_brand?post=10970"},{"taxonomy":"product_cat","embeddable":true,"href":"https:\/\/lightup.lv\/lt\/wp-json\/wp\/v2\/product_cat?post=10970"},{"taxonomy":"product_tag","embeddable":true,"href":"https:\/\/lightup.lv\/lt\/wp-json\/wp\/v2\/product_tag?post=10970"}],"curies":[{"name":"wp","href":"https:\/\/api.w.org\/{rel}","templated":true}]}}