{"id":122,"date":"2018-07-23T11:07:44","date_gmt":"2018-07-23T11:07:44","guid":{"rendered":"https:\/\/lightup.lv\/product\/link-akustiskie-sienas-paneli\/"},"modified":"2025-03-14T16:52:46","modified_gmt":"2025-03-14T14:52:46","slug":"link-akustiskie-sienas-paneli","status":"publish","type":"product","link":"https:\/\/lightup.lv\/lt\/produktu-katalogas\/link-akustiskie-sienas-paneli\/","title":{"rendered":"Link akustiskie sienas pane\u013ci"},"content":{"rendered":"<p><span style=\"font-family: georgia, palatino, serif;\">Matmenys:<\/span><\/p>\n<p><span style=\"font-family: georgia, palatino, serif;\">530 x 530 x 575 x 265 x 20\/50 mm<\/span><\/p>\n<p><span style=\"font-family: georgia, palatino, serif;\">Reikalingi papildomi surinkimo klijai.\u00a0<\/span><\/p>\n<p>ID Link<\/p>","protected":false},"excerpt":{"rendered":"<p>Liels, biezs 3D panelis, kas par\u0101da lielu virsmu. T\u0101pat ieteicams k\u0101 br\u012bvs izvietojums no vair\u0101kiem elementiem, veidojot abstraktu sienu apdari.<\/p>","protected":false},"featured_media":123,"template":"","meta":{"_acf_changed":false},"product_brand":[],"product_cat":[18,21],"product_tag":[20],"class_list":{"0":"post-122","1":"product","2":"type-product","3":"status-publish","4":"has-post-thumbnail","6":"product_cat-dizaina-skanas-izolacija","7":"product_cat-fluffo-soft-sienam","8":"product_tag-fluffo","10":"first","11":"instock","12":"shipping-taxable","13":"purchasable","14":"product-type-simple"},"acf":[],"_links":{"self":[{"href":"https:\/\/lightup.lv\/lt\/wp-json\/wp\/v2\/product\/122","targetHints":{"allow":["GET"]}}],"collection":[{"href":"https:\/\/lightup.lv\/lt\/wp-json\/wp\/v2\/product"}],"about":[{"href":"https:\/\/lightup.lv\/lt\/wp-json\/wp\/v2\/types\/product"}],"wp:featuredmedia":[{"embeddable":true,"href":"https:\/\/lightup.lv\/lt\/wp-json\/wp\/v2\/media\/123"}],"wp:attachment":[{"href":"https:\/\/lightup.lv\/lt\/wp-json\/wp\/v2\/media?parent=122"}],"wp:term":[{"taxonomy":"product_brand","embeddable":true,"href":"https:\/\/lightup.lv\/lt\/wp-json\/wp\/v2\/product_brand?post=122"},{"taxonomy":"product_cat","embeddable":true,"href":"https:\/\/lightup.lv\/lt\/wp-json\/wp\/v2\/product_cat?post=122"},{"taxonomy":"product_tag","embeddable":true,"href":"https:\/\/lightup.lv\/lt\/wp-json\/wp\/v2\/product_tag?post=122"}],"curies":[{"name":"wp","href":"https:\/\/api.w.org\/{rel}","templated":true}]}}