{"id":12323,"date":"2022-05-15T10:49:22","date_gmt":"2022-05-15T10:49:22","guid":{"rendered":"https:\/\/lightup.lv\/product\/horn-t-melna-iebuvejama-lampa\/"},"modified":"2024-02-04T08:26:33","modified_gmt":"2024-02-04T08:26:33","slug":"horn-t-melna-iebuvejama-lampa","status":"publish","type":"product","link":"https:\/\/lightup.lv\/lt\/produktu-katalogas\/horn-t-melna-iebuvejama-lampa\/","title":{"rendered":"HORN-T melna ieb\u016bv\u0113jama lampa"},"content":{"rendered":"<p>GU10 lizdas, maks. 50 W, QPAR51<\/p>\n<p>Instal\u0101cijas dzi\u013cums &#8211; 13 cm<\/p>\n<p>Vertik\u0101lais sl\u012bpuma diapazons 30 gr\u0101di<\/p>\n<p>Spalva \u2013 juoda<\/p>\n<p> ID 113140<\/p>","protected":false},"excerpt":{"rendered":"<p>Aistra, atsakomyb\u0117, pagarba ir patikimumas. Tai m\u016bs\u0173 pagrindin\u0117s vertyb\u0117s. \u017dod\u017eiai, kurie n\u0117ra tik tu\u0161ti rinkodaros \u017eod\u017eiai, bet kupini prasm\u0117s ir gyvyb\u0117s. M\u016bs\u0173 aistra \u0161viesai yra tokia pat dinami\u0161ka kaip ir pati \u0161viesa. Ap\u0161vietim\u0105 paversti patirtimi \u2013 ir tod\u0117l akimirka, kuria galima dalytis \u2013 yra m\u016bs\u0173 varomoji j\u0117ga. Norime b\u016bti sprendimas j\u016bs\u0173 \u0161viesos vizijai. Per pastaruosius 40 met\u0173 \u201eSLV Lighting Group\u201c i\u0161tobulino profesionalius ap\u0161vietimo sprendimus, parduodamus daugiau nei 100 \u0161ali\u0173. M\u016bs\u0173 prek\u0117s \u017eenklo pagrindin\u0117s vertyb\u0117s taip pat nepasikeit\u0117, nes mes ir toliau ie\u0161kome daugiau b\u016bd\u0173, kaip prad\u017eiuginti savo klientus naujausiomis inovacijomis ir stilingais nam\u0173, darbo ir komercin\u0117s aplinkos patobulinimais.<\/p>","protected":false},"featured_media":12324,"template":"","meta":{"_acf_changed":false},"product_brand":[],"product_cat":[42,86],"product_tag":[127],"class_list":{"0":"post-12323","1":"product","2":"type-product","3":"status-publish","4":"has-post-thumbnail","6":"product_cat-apgaismojums","7":"product_cat-iebuvejamas-lampas","8":"product_tag-slv","10":"first","11":"instock","12":"shipping-taxable","13":"purchasable","14":"product-type-simple"},"acf":[],"_links":{"self":[{"href":"https:\/\/lightup.lv\/lt\/wp-json\/wp\/v2\/product\/12323","targetHints":{"allow":["GET"]}}],"collection":[{"href":"https:\/\/lightup.lv\/lt\/wp-json\/wp\/v2\/product"}],"about":[{"href":"https:\/\/lightup.lv\/lt\/wp-json\/wp\/v2\/types\/product"}],"wp:featuredmedia":[{"embeddable":true,"href":"https:\/\/lightup.lv\/lt\/wp-json\/wp\/v2\/media\/12324"}],"wp:attachment":[{"href":"https:\/\/lightup.lv\/lt\/wp-json\/wp\/v2\/media?parent=12323"}],"wp:term":[{"taxonomy":"product_brand","embeddable":true,"href":"https:\/\/lightup.lv\/lt\/wp-json\/wp\/v2\/product_brand?post=12323"},{"taxonomy":"product_cat","embeddable":true,"href":"https:\/\/lightup.lv\/lt\/wp-json\/wp\/v2\/product_cat?post=12323"},{"taxonomy":"product_tag","embeddable":true,"href":"https:\/\/lightup.lv\/lt\/wp-json\/wp\/v2\/product_tag?post=12323"}],"curies":[{"name":"wp","href":"https:\/\/api.w.org\/{rel}","templated":true}]}}