{"id":12591,"date":"2022-05-15T12:49:39","date_gmt":"2022-05-15T12:49:39","guid":{"rendered":"https:\/\/lightup.lv\/product\/panel-track-led-apala-200mm\/"},"modified":"2024-02-04T08:26:35","modified_gmt":"2024-02-04T08:26:35","slug":"panel-track-led-apala-200mm","status":"publish","type":"product","link":"https:\/\/lightup.lv\/lt\/produktu-katalogas\/panel-track-led-apala-200mm\/","title":{"rendered":"Apvalus LED b\u0117gi\u0173 sistemos ap\u0161vietimas PANEL B\u0116GELIO"},"content":{"rendered":"<p>LED, 18 W, 3000 K, 1800 lm<\/p>\n<p>Vertik\u0101lais sl\u012bpuma diapazons 180 gr\u0101di, <span data-sheets-value=\"{&quot;1&quot;:2,&quot;2&quot;:&quot;GU10 ligzda, max. 50 W, QPAR51nnnnSpuldzes nav iek\u013cautasnnnnVertik\u0101lais sl\u012bpuma diapazons 90 gr\u0101di, horizont\u0101l\u0101 - 350 gr\u0101dinnnnIP klasifik\u0101cija - IP20nnnnKr\u0101sa - baltannnnLampas garums - 13 cmnnnnLampas augstums - 8 cmnnnnLampas diametrs - 6,2 cm&quot;}\" data-sheets-userformat=\"{&quot;2&quot;:15233,&quot;3&quot;:{&quot;1&quot;:0},&quot;10&quot;:2,&quot;11&quot;:3,&quot;12&quot;:0,&quot;14&quot;:{&quot;1&quot;:2,&quot;2&quot;:0},&quot;15&quot;:&quot;Calibri, sans-serif&quot;,&quot;16&quot;:11}\">horizontalus <\/span>\u2013 350 laipsni\u0173<\/p>\n<p>IP klasifikacija \u2013 IP20<\/p>\n<p>Spalva \u2013 juoda<\/p>\n<p>Lampas pamatnes garums &#8211; 23,1 cm<\/p>\n<p>Lampas augstums &#8211; 9,5 cm<\/p>\n<p>Lampas diametrs &#8211; 20 cm<\/p>\n<p> ID 1004935<\/p>","protected":false},"excerpt":{"rendered":"<p>Aistra, atsakomyb\u0117, pagarba ir patikimumas. Tai m\u016bs\u0173 pagrindin\u0117s vertyb\u0117s. \u017dod\u017eiai, kurie n\u0117ra tik tu\u0161ti rinkodaros \u017eod\u017eiai, bet kupini prasm\u0117s ir gyvyb\u0117s. M\u016bs\u0173 aistra \u0161viesai yra tokia pat dinami\u0161ka kaip ir pati \u0161viesa. Ap\u0161vietim\u0105 paversti patirtimi \u2013 ir tod\u0117l akimirka, kuria galima dalytis \u2013 yra m\u016bs\u0173 varomoji j\u0117ga. Norime b\u016bti sprendimas j\u016bs\u0173 \u0161viesos vizijai. Per pastaruosius 40 met\u0173 \u201eSLV Lighting Group\u201c i\u0161tobulino profesionalius ap\u0161vietimo sprendimus, parduodamus daugiau nei 100 \u0161ali\u0173. M\u016bs\u0173 prek\u0117s \u017eenklo pagrindin\u0117s vertyb\u0117s taip pat nepasikeit\u0117, nes mes ir toliau ie\u0161kome daugiau b\u016bd\u0173, kaip prad\u017eiuginti savo klientus naujausiomis inovacijomis ir stilingais nam\u0173, darbo ir komercin\u0117s aplinkos patobulinimais.<\/p>","protected":false},"featured_media":12592,"template":"","meta":{"_acf_changed":false},"product_brand":[],"product_cat":[42,128],"product_tag":[127],"class_list":{"0":"post-12591","1":"product","2":"type-product","3":"status-publish","4":"has-post-thumbnail","6":"product_cat-apgaismojums","7":"product_cat-sliezu-sistemas-prozektori","8":"product_tag-slv","10":"first","11":"instock","12":"shipping-taxable","13":"purchasable","14":"product-type-simple"},"acf":[],"_links":{"self":[{"href":"https:\/\/lightup.lv\/lt\/wp-json\/wp\/v2\/product\/12591","targetHints":{"allow":["GET"]}}],"collection":[{"href":"https:\/\/lightup.lv\/lt\/wp-json\/wp\/v2\/product"}],"about":[{"href":"https:\/\/lightup.lv\/lt\/wp-json\/wp\/v2\/types\/product"}],"wp:featuredmedia":[{"embeddable":true,"href":"https:\/\/lightup.lv\/lt\/wp-json\/wp\/v2\/media\/12592"}],"wp:attachment":[{"href":"https:\/\/lightup.lv\/lt\/wp-json\/wp\/v2\/media?parent=12591"}],"wp:term":[{"taxonomy":"product_brand","embeddable":true,"href":"https:\/\/lightup.lv\/lt\/wp-json\/wp\/v2\/product_brand?post=12591"},{"taxonomy":"product_cat","embeddable":true,"href":"https:\/\/lightup.lv\/lt\/wp-json\/wp\/v2\/product_cat?post=12591"},{"taxonomy":"product_tag","embeddable":true,"href":"https:\/\/lightup.lv\/lt\/wp-json\/wp\/v2\/product_tag?post=12591"}],"curies":[{"name":"wp","href":"https:\/\/api.w.org\/{rel}","templated":true}]}}