{"id":12656,"date":"2022-05-15T12:56:31","date_gmt":"2022-05-15T12:56:31","guid":{"rendered":"https:\/\/lightup.lv\/product\/1-circuit-balta-griestu-lampa\/"},"modified":"2024-02-04T08:26:35","modified_gmt":"2024-02-04T08:26:35","slug":"1-circuit-balta-griestu-lampa","status":"publish","type":"product","link":"https:\/\/lightup.lv\/lt\/produktu-katalogas\/1-circuit-balta-griestu-lampa\/","title":{"rendered":"1 grandin\u0117s b\u0117gi\u0173 sistema"},"content":{"rendered":"<p><span data-sheets-value=\"{&quot;1&quot;:2,&quot;2&quot;:&quot;240V, alum\u012bnija lampannnnIP klasifik\u0101cija - IP20nnnnKr\u0101sa - baltannnnLampas platums - 3,5 cmnnnnLampas augstums - 1,8 cmnnnnLampas garums - 100 cm&quot;}\" data-sheets-userformat=\"{&quot;2&quot;:15233,&quot;3&quot;:{&quot;1&quot;:0},&quot;10&quot;:2,&quot;11&quot;:3,&quot;12&quot;:0,&quot;14&quot;:{&quot;1&quot;:2,&quot;2&quot;:0},&quot;15&quot;:&quot;Calibri, sans-serif&quot;,&quot;16&quot;:11}\">Med\u017eiaga \u2013 aliuminis<br \/>\nIP klasifikacija \u2013 IP20<br \/>\nKr\u0101sa &#8211; balta, alum\u012bnija<br \/>\nSliedes platums &#8211; 3,5 cm<br \/>\nSliedes augstums &#8211; 1,8 cm<br \/>\nSliedes garums &#8211; 100 cm<\/span><\/p>\n<p>Svars &#8211; 0.51 kg<\/p>\n<p> ID 143011<\/p>","protected":false},"excerpt":{"rendered":"<p><span data-sheets-value=\"{&quot;1&quot;:2,&quot;2&quot;:&quot;Kaisl\u012bba, atbild\u012bba, cie\u0146a un uzticam\u012bba. T\u0101s ir m\u016bsu pamatv\u0113rt\u012bbas. V\u0101rdi, kas nav tikai tuk\u0161i m\u0101rketinga v\u0101rdi, bet ir piepild\u012bti ar j\u0113gu un dz\u012bvi. M\u016bsu aizrau\u0161an\u0101s ar gaismu ir tikpat dinamiska k\u0101 pati gaisma. Apgaismojuma padar\u012b\u0161ana par pieredzi \u2014 un l\u012bdz ar to mirklis, ar kuru var dal\u012bties, ir m\u016bsu dzin\u0113jsp\u0113ks. M\u0113s v\u0113lamies b\u016bt risin\u0101jums j\u016bsu gaismas redz\u0113jumam. P\u0113d\u0113jo 40 gadu laik\u0101 SLV Lighting Group ir pilnveidojusi profesion\u0101lus apgaismojuma risin\u0101jumus, p\u0101rdodot tos vair\u0101k nek\u0101 100 valst\u012bs. Ar\u012b m\u016bsu z\u012bmola pamatv\u0113rt\u012bbas nav main\u012bju\u0161\u0101s, jo m\u0113s turpin\u0101m izp\u0113t\u012bt vair\u0101k veidu, k\u0101 iepriecin\u0101t savus klientus ar jaun\u0101kaj\u0101m inov\u0101cij\u0101m un stil\u012bgiem uzlabojumiem m\u0101jas, darba un komerci\u0101laj\u0101 vid\u0113.&quot;}\" data-sheets-userformat=\"{&quot;2&quot;:769,&quot;3&quot;:{&quot;1&quot;:0},&quot;11&quot;:3,&quot;12&quot;:0}\">Aistra, atsakomyb\u0117, pagarba ir patikimumas. Tai m\u016bs\u0173 pagrindin\u0117s vertyb\u0117s. \u017dod\u017eiai, kurie n\u0117ra tik tu\u0161ti rinkodaros \u017eod\u017eiai, bet kupini prasm\u0117s ir gyvyb\u0117s. M\u016bs\u0173 aistra \u0161viesai yra tokia pat dinami\u0161ka kaip ir pati \u0161viesa. Ap\u0161vietim\u0105 paversti patirtimi \u2013 ir tod\u0117l akimirka, kuria galima dalytis \u2013 yra m\u016bs\u0173 varomoji j\u0117ga. Norime b\u016bti sprendimas j\u016bs\u0173 \u0161viesos vizijai. Per pastaruosius 40 met\u0173 \u201eSLV Lighting Group\u201c i\u0161tobulino profesionalius ap\u0161vietimo sprendimus, parduodamus daugiau nei 100 \u0161ali\u0173. M\u016bs\u0173 prek\u0117s \u017eenklo pagrindin\u0117s vertyb\u0117s taip pat nepasikeit\u0117, nes mes ir toliau ie\u0161kome daugiau b\u016bd\u0173, kaip prad\u017eiuginti savo klientus naujausiomis inovacijomis ir stilingais nam\u0173, darbo ir komercin\u0117s aplinkos patobulinimais.<\/span><\/p>","protected":false},"featured_media":12657,"template":"","meta":{"_acf_changed":false},"product_brand":[],"product_cat":[42,128],"product_tag":[127],"class_list":{"0":"post-12656","1":"product","2":"type-product","3":"status-publish","4":"has-post-thumbnail","6":"product_cat-apgaismojums","7":"product_cat-sliezu-sistemas-prozektori","8":"product_tag-slv","10":"first","11":"instock","12":"shipping-taxable","13":"purchasable","14":"product-type-simple"},"acf":[],"_links":{"self":[{"href":"https:\/\/lightup.lv\/lt\/wp-json\/wp\/v2\/product\/12656","targetHints":{"allow":["GET"]}}],"collection":[{"href":"https:\/\/lightup.lv\/lt\/wp-json\/wp\/v2\/product"}],"about":[{"href":"https:\/\/lightup.lv\/lt\/wp-json\/wp\/v2\/types\/product"}],"wp:featuredmedia":[{"embeddable":true,"href":"https:\/\/lightup.lv\/lt\/wp-json\/wp\/v2\/media\/12657"}],"wp:attachment":[{"href":"https:\/\/lightup.lv\/lt\/wp-json\/wp\/v2\/media?parent=12656"}],"wp:term":[{"taxonomy":"product_brand","embeddable":true,"href":"https:\/\/lightup.lv\/lt\/wp-json\/wp\/v2\/product_brand?post=12656"},{"taxonomy":"product_cat","embeddable":true,"href":"https:\/\/lightup.lv\/lt\/wp-json\/wp\/v2\/product_cat?post=12656"},{"taxonomy":"product_tag","embeddable":true,"href":"https:\/\/lightup.lv\/lt\/wp-json\/wp\/v2\/product_tag?post=12656"}],"curies":[{"name":"wp","href":"https:\/\/api.w.org\/{rel}","templated":true}]}}