{"id":12990,"date":"2022-05-16T14:24:25","date_gmt":"2022-05-16T14:24:25","guid":{"rendered":"https:\/\/lightup.lv\/product\/darza-lampa-eskina-pole\/"},"modified":"2024-02-04T08:26:38","modified_gmt":"2024-02-04T08:26:38","slug":"darza-lampa-eskina-pole","status":"publish","type":"product","link":"https:\/\/lightup.lv\/lt\/produktu-katalogas\/darza-lampa-eskina-pole\/","title":{"rendered":"D\u0101rza lampa ESKINA Pole"},"content":{"rendered":"<p>LED, 14.5 W, CCT sl\u0113dzis 3000\/4000 K, 1000 lm<\/p>\n<p>Med\u017eiaga \u2013 aliuminis<\/p>\n<p>Regul\u0113jama kr\u0101sas temperat\u016bra, dimm\u0113jama<\/p>\n<p>Lampas vertik\u0101l\u0101 rot\u0101cija 105 gr\u0101di, horizont\u0101l\u0101 &#8211; 340 gr\u0101di<\/p>\n<p>IP klasifik\u0101cija &#8211; IP65<\/p>\n<p>Spalva \u2013 tamsiai pilka<\/p>\n<p>Vada garums &#8211; 150 cm<\/p>\n<p>Lampas augstums &#8211; 31,5 cm<\/p>\n<p>Lampas diametrs &#8211; 13,8 cm<\/p>\n<p>Lampas pamatnes diametrs &#8211; 12 cm<\/p>\n<p>Svars &#8211; 1.54 kg<\/p>\n<p> ID 1002906<\/p>","protected":false},"excerpt":{"rendered":"<p>Aistra, atsakomyb\u0117, pagarba ir patikimumas. Tai m\u016bs\u0173 pagrindin\u0117s vertyb\u0117s. \u017dod\u017eiai, kurie n\u0117ra tik tu\u0161ti rinkodaros \u017eod\u017eiai, bet kupini prasm\u0117s ir gyvyb\u0117s. M\u016bs\u0173 aistra \u0161viesai yra tokia pat dinami\u0161ka kaip ir pati \u0161viesa. Ap\u0161vietim\u0105 paversti patirtimi \u2013 ir tod\u0117l akimirka, kuria galima dalytis \u2013 yra m\u016bs\u0173 varomoji j\u0117ga. Norime b\u016bti sprendimas j\u016bs\u0173 \u0161viesos vizijai. Per pastaruosius 40 met\u0173 \u201eSLV Lighting Group\u201c i\u0161tobulino profesionalius ap\u0161vietimo sprendimus, parduodamus daugiau nei 100 \u0161ali\u0173. M\u016bs\u0173 prek\u0117s \u017eenklo pagrindin\u0117s vertyb\u0117s taip pat nepasikeit\u0117, nes mes ir toliau ie\u0161kome daugiau b\u016bd\u0173, kaip prad\u017eiuginti savo klientus naujausiomis inovacijomis ir stilingais nam\u0173, darbo ir komercin\u0117s aplinkos patobulinimais.<\/p>","protected":false},"featured_media":12991,"template":"","meta":{"_acf_changed":false},"product_brand":[],"product_cat":[42,129],"product_tag":[127],"class_list":{"0":"post-12990","1":"product","2":"type-product","3":"status-publish","4":"has-post-thumbnail","6":"product_cat-apgaismojums","7":"product_cat-darza-un-terases-apgaismojums","8":"product_tag-slv","10":"first","11":"instock","12":"shipping-taxable","13":"purchasable","14":"product-type-simple"},"acf":[],"_links":{"self":[{"href":"https:\/\/lightup.lv\/lt\/wp-json\/wp\/v2\/product\/12990","targetHints":{"allow":["GET"]}}],"collection":[{"href":"https:\/\/lightup.lv\/lt\/wp-json\/wp\/v2\/product"}],"about":[{"href":"https:\/\/lightup.lv\/lt\/wp-json\/wp\/v2\/types\/product"}],"wp:featuredmedia":[{"embeddable":true,"href":"https:\/\/lightup.lv\/lt\/wp-json\/wp\/v2\/media\/12991"}],"wp:attachment":[{"href":"https:\/\/lightup.lv\/lt\/wp-json\/wp\/v2\/media?parent=12990"}],"wp:term":[{"taxonomy":"product_brand","embeddable":true,"href":"https:\/\/lightup.lv\/lt\/wp-json\/wp\/v2\/product_brand?post=12990"},{"taxonomy":"product_cat","embeddable":true,"href":"https:\/\/lightup.lv\/lt\/wp-json\/wp\/v2\/product_cat?post=12990"},{"taxonomy":"product_tag","embeddable":true,"href":"https:\/\/lightup.lv\/lt\/wp-json\/wp\/v2\/product_tag?post=12990"}],"curies":[{"name":"wp","href":"https:\/\/api.w.org\/{rel}","templated":true}]}}