{"id":1368,"date":"2020-01-10T13:29:59","date_gmt":"2020-01-10T13:29:59","guid":{"rendered":"https:\/\/lightup.lv\/product\/triada-edge-skanas-izolacijas-panelis\/"},"modified":"2025-03-14T16:12:02","modified_gmt":"2025-03-14T14:12:02","slug":"triada-edge-garso-izoliacine-plokste","status":"publish","type":"product","link":"https:\/\/lightup.lv\/lt\/produktu-katalogas\/triada-edge-garso-izoliacine-plokste\/","title":{"rendered":"Triada Edge garso izoliacijos plok\u0161t\u0117"},"content":{"rendered":"<p>Matmenys:<\/p>\n<p>325 x 375 x 30 mm<\/p>\n<p>Be to, reikalingi surinkimo klijai.<\/p>","protected":false},"excerpt":{"rendered":"<p>Dekoratyvin\u0117s garso izoliacin\u0117s plok\u0161t\u0117s. Mink\u0161tos akustin\u0117s plok\u0161t\u0117s. Galima \u012fsigyti \u012fvairi\u0173 spalv\u0173. Lengva montuoti. Tvirtinamos ant sien\u0173, lub\u0173, stiklini\u0173 vitrin\u0173, galima sukurti akustines sienas ir pakabinti lubose.<\/p>","protected":false},"featured_media":1369,"template":"","meta":{"_acf_changed":false},"product_brand":[],"product_cat":[18,21],"product_tag":[20],"class_list":{"0":"post-1368","1":"product","2":"type-product","3":"status-publish","4":"has-post-thumbnail","6":"product_cat-dizaina-skanas-izolacija","7":"product_cat-fluffo-soft-sienam","8":"product_tag-fluffo","10":"first","11":"instock","12":"shipping-taxable","13":"purchasable","14":"product-type-simple"},"acf":[],"_links":{"self":[{"href":"https:\/\/lightup.lv\/lt\/wp-json\/wp\/v2\/product\/1368","targetHints":{"allow":["GET"]}}],"collection":[{"href":"https:\/\/lightup.lv\/lt\/wp-json\/wp\/v2\/product"}],"about":[{"href":"https:\/\/lightup.lv\/lt\/wp-json\/wp\/v2\/types\/product"}],"wp:featuredmedia":[{"embeddable":true,"href":"https:\/\/lightup.lv\/lt\/wp-json\/wp\/v2\/media\/1369"}],"wp:attachment":[{"href":"https:\/\/lightup.lv\/lt\/wp-json\/wp\/v2\/media?parent=1368"}],"wp:term":[{"taxonomy":"product_brand","embeddable":true,"href":"https:\/\/lightup.lv\/lt\/wp-json\/wp\/v2\/product_brand?post=1368"},{"taxonomy":"product_cat","embeddable":true,"href":"https:\/\/lightup.lv\/lt\/wp-json\/wp\/v2\/product_cat?post=1368"},{"taxonomy":"product_tag","embeddable":true,"href":"https:\/\/lightup.lv\/lt\/wp-json\/wp\/v2\/product_tag?post=1368"}],"curies":[{"name":"wp","href":"https:\/\/api.w.org\/{rel}","templated":true}]}}