{"id":16757,"date":"2022-06-09T17:34:24","date_gmt":"2022-06-09T17:34:24","guid":{"rendered":"https:\/\/lightup.lv\/product\/fluffo-art-3-lielformata-sienas-panelis\/"},"modified":"2025-03-18T12:34:00","modified_gmt":"2025-03-18T10:34:00","slug":"fluffo-art-3-didelio-formato-sienine-panele","status":"publish","type":"product","link":"https:\/\/lightup.lv\/lt\/produktu-katalogas\/fluffo-art-3-didelio-formato-sienine-panele\/","title":{"rendered":"Fluffo ART 3 didelio formato sienin\u0117 plok\u0161t\u0117"},"content":{"rendered":"<p>Kaina nurodyta u\u017e 1 panel\u0119<br \/>\nMed\u017eiaga: poliuretano putos<br \/>\nMatmenys: 1100 x 1100 mm<br \/>\nStoris: 56 mm<br \/>\nPlok\u0161t\u0117s pavir\u0161iaus plotas: 1,08 m\u00b2<br \/>\nPlok\u0161t\u0117s svoris: 7000 g<\/p>\n<p>ID 3 straipsnis<\/p>","protected":false},"excerpt":{"rendered":"<p>\u201eFluffo ART\u201c \u2013 tai meno k\u016brinys. Tai didelio formato plok\u0161t\u0117, si\u016bloma \u012fvairi\u0173 spalv\u0173 ir form\u0173. Ji n\u0117ra visam laikui pritvirtinta prie sienos \u2013 j\u0105 galima nuimti ir pasukti arba pakeisti kitu \u201eFluffo\u201c meno k\u016briniu, tod\u0117l kaskart galite sukurti unikali\u0105 kompozicij\u0105. Kolekcija puikiai tinka ilguose koridoriuose, laiptin\u0117se ir erdviuose miegamuosiuose.<\/p>\n<p>Plok\u0161t\u0117s tvirtinamos prie sien\u0173 naudojant specialius tvirtinimo elementus. Jas lengva nuimti, pasukti arba pakeisti.<\/p>\n<p>Garso sugerties rodiklis \u03b1W = 0,80 pagal PN-EN ISO 11654: 1997 standart\u0105<\/p>","protected":false},"featured_media":16758,"template":"","meta":{"_acf_changed":false},"product_brand":[],"product_cat":[18,131],"product_tag":[20],"class_list":{"0":"post-16757","1":"product","2":"type-product","3":"status-publish","4":"has-post-thumbnail","6":"product_cat-dizaina-skanas-izolacija","7":"product_cat-fluffo-art-lielformata-sienas-paneli","8":"product_tag-fluffo","10":"first","11":"instock","12":"shipping-taxable","13":"purchasable","14":"product-type-simple"},"acf":[],"_links":{"self":[{"href":"https:\/\/lightup.lv\/lt\/wp-json\/wp\/v2\/product\/16757","targetHints":{"allow":["GET"]}}],"collection":[{"href":"https:\/\/lightup.lv\/lt\/wp-json\/wp\/v2\/product"}],"about":[{"href":"https:\/\/lightup.lv\/lt\/wp-json\/wp\/v2\/types\/product"}],"wp:featuredmedia":[{"embeddable":true,"href":"https:\/\/lightup.lv\/lt\/wp-json\/wp\/v2\/media\/16758"}],"wp:attachment":[{"href":"https:\/\/lightup.lv\/lt\/wp-json\/wp\/v2\/media?parent=16757"}],"wp:term":[{"taxonomy":"product_brand","embeddable":true,"href":"https:\/\/lightup.lv\/lt\/wp-json\/wp\/v2\/product_brand?post=16757"},{"taxonomy":"product_cat","embeddable":true,"href":"https:\/\/lightup.lv\/lt\/wp-json\/wp\/v2\/product_cat?post=16757"},{"taxonomy":"product_tag","embeddable":true,"href":"https:\/\/lightup.lv\/lt\/wp-json\/wp\/v2\/product_tag?post=16757"}],"curies":[{"name":"wp","href":"https:\/\/api.w.org\/{rel}","templated":true}]}}