{"id":16914,"date":"2022-06-14T08:22:32","date_gmt":"2022-06-14T08:22:32","guid":{"rendered":"https:\/\/lightup.lv\/product\/retro-koka-ramis-1-rotejoss-patina-krasas-sledzis-balts-vacins\/"},"modified":"2024-02-08T06:43:25","modified_gmt":"2024-02-08T06:43:25","slug":"retro-koka-ramis-1-rotejoss-patina-krasas-sledzis-balts-vacins","status":"publish","type":"product","link":"https:\/\/lightup.lv\/lt\/precu-katalogs\/retro-koka-ramis-1-rotejoss-patina-krasas-sledzis-balts-vacins\/","title":{"rendered":"Retro koka r\u0101mis, 1 rot\u0113jo\u0161s patina kr\u0101sas sl\u0113dzis, balts v\u0101ci\u0146\u0161"},"content":{"rendered":"<p>\u0160ioje kolekcijoje si\u016blome med\u017eio masyvo r\u0117mus su galimybe rinktis i\u0161 buko, \u0161viesaus \u0105\u017euolo, tamsiai da\u017eyto \u0105\u017euolo ir klevo derini\u0173 su baltu arba juodu dangteliu.<\/p>\n<p>Jei turite konkret\u0173 kiek\u012f, susisiekite su mumis ir mes, atsi\u017evelgdami \u012f pasirinkt\u0105 kolekcij\u0105, r\u0117m\u0173 skai\u010di\u0173, t\u016br\u012f ir konfig\u016bracij\u0105, paruo\u0161ime jums i\u0161sami\u0105 kainos pasi\u016blym\u0105. Kaina priklauso nuo pasirinktos med\u017eiagos ir spalvos.<\/p>","protected":false},"excerpt":{"rendered":"<p>Nauja RETRO jungikli\u0173 ir ki\u0161tukini\u0173 lizd\u0173 serija pristato original\u0173 dizain\u0105, \u012fkv\u0117pt\u0105 XX a. 4-ojo de\u0161imtme\u010dio sukam\u0173j\u0173 keramini\u0173 jungikli\u0173 ir pasaulyje unikalios Zl\u00edno miesto, kuriame atsirado OBZOR, funkcionalios architekt\u016bros derinio. \u0160tai kod\u0117l RETRO linija randa savo viet\u0105 ne tik senamadi\u0161kuose interjeruose, bet ir moderniuose loft\u0173, minimalistiniuose ir industriniuose interjeruose.<\/p>","protected":false},"featured_media":16915,"template":"","meta":{"_acf_changed":false},"product_brand":[],"product_cat":[134,133],"product_tag":[135],"class_list":{"0":"post-16914","1":"product","2":"type-product","3":"status-publish","4":"has-post-thumbnail","6":"product_cat-retro","7":"product_cat-sledzi","8":"product_tag-obzor","10":"first","11":"instock","12":"shipping-taxable","13":"purchasable","14":"product-type-simple"},"acf":[],"_links":{"self":[{"href":"https:\/\/lightup.lv\/lt\/wp-json\/wp\/v2\/product\/16914","targetHints":{"allow":["GET"]}}],"collection":[{"href":"https:\/\/lightup.lv\/lt\/wp-json\/wp\/v2\/product"}],"about":[{"href":"https:\/\/lightup.lv\/lt\/wp-json\/wp\/v2\/types\/product"}],"wp:featuredmedia":[{"embeddable":true,"href":"https:\/\/lightup.lv\/lt\/wp-json\/wp\/v2\/media\/16915"}],"wp:attachment":[{"href":"https:\/\/lightup.lv\/lt\/wp-json\/wp\/v2\/media?parent=16914"}],"wp:term":[{"taxonomy":"product_brand","embeddable":true,"href":"https:\/\/lightup.lv\/lt\/wp-json\/wp\/v2\/product_brand?post=16914"},{"taxonomy":"product_cat","embeddable":true,"href":"https:\/\/lightup.lv\/lt\/wp-json\/wp\/v2\/product_cat?post=16914"},{"taxonomy":"product_tag","embeddable":true,"href":"https:\/\/lightup.lv\/lt\/wp-json\/wp\/v2\/product_tag?post=16914"}],"curies":[{"name":"wp","href":"https:\/\/api.w.org\/{rel}","templated":true}]}}