{"id":16959,"date":"2022-06-14T12:35:41","date_gmt":"2022-06-14T12:35:41","guid":{"rendered":"https:\/\/lightup.lv\/product\/retro-balts-keramikas-ramis-1-balts-sledzis\/"},"modified":"2024-02-08T06:41:21","modified_gmt":"2024-02-08T06:41:21","slug":"retro-balts-keramikas-ramis-1-balts-sledzis","status":"publish","type":"product","link":"https:\/\/lightup.lv\/lt\/produktu-katalogas\/retro-balts-keramikas-ramis-1-balts-sledzis\/","title":{"rendered":"Retro balts keramikas r\u0101mis, 1 balts sl\u0113dzis"},"content":{"rendered":"<p>Izk\u0101rtojums 1, 2, 6, 7, 1\/0 Pied\u0101v\u0101jam baltas un melnas kr\u0101sas kombin\u0101cijas r\u0101m\u012b\u0161iem, v\u0101ci\u0146iem un sl\u0113d\u017eiem.<\/p>\n<p>Ja jums ir konkr\u0113ti apjomi, tad dro\u0161i sazinieties ar mums, un m\u0113s jums sagatavosim detaliz\u0113tu cenu pied\u0101v\u0101jumu atkar\u012bb\u0101 no izv\u0113l\u0113t\u0101s kr\u0101sas, kolekcijas, r\u0101m\u012b\u0161u skaita apjoma un konfigur\u0101cijas. Cena ir atkar\u012bga no izv\u0113l\u0113t\u0101 materi\u0101la un kr\u0101sas.<\/p>","protected":false},"excerpt":{"rendered":"<p>Nauja RETRO jungikli\u0173 ir ki\u0161tukini\u0173 lizd\u0173 serija pristato original\u0173 dizain\u0105, \u012fkv\u0117pt\u0105 XX a. 4-ojo de\u0161imtme\u010dio sukam\u0173j\u0173 keramini\u0173 jungikli\u0173 ir pasaulyje unikalios Zl\u00edno miesto, kuriame atsirado OBZOR, funkcionalios architekt\u016bros derinio. \u0160tai kod\u0117l RETRO linija randa savo viet\u0105 ne tik senamadi\u0161kuose interjeruose, bet ir moderniuose loft\u0173, minimalistiniuose ir industriniuose interjeruose.<\/p>","protected":false},"featured_media":16960,"template":"","meta":{"_acf_changed":false},"product_brand":[],"product_cat":[134,133],"product_tag":[135],"class_list":{"0":"post-16959","1":"product","2":"type-product","3":"status-publish","4":"has-post-thumbnail","6":"product_cat-retro","7":"product_cat-sledzi","8":"product_tag-obzor","10":"first","11":"instock","12":"shipping-taxable","13":"purchasable","14":"product-type-simple"},"acf":[],"_links":{"self":[{"href":"https:\/\/lightup.lv\/lt\/wp-json\/wp\/v2\/product\/16959","targetHints":{"allow":["GET"]}}],"collection":[{"href":"https:\/\/lightup.lv\/lt\/wp-json\/wp\/v2\/product"}],"about":[{"href":"https:\/\/lightup.lv\/lt\/wp-json\/wp\/v2\/types\/product"}],"wp:featuredmedia":[{"embeddable":true,"href":"https:\/\/lightup.lv\/lt\/wp-json\/wp\/v2\/media\/16960"}],"wp:attachment":[{"href":"https:\/\/lightup.lv\/lt\/wp-json\/wp\/v2\/media?parent=16959"}],"wp:term":[{"taxonomy":"product_brand","embeddable":true,"href":"https:\/\/lightup.lv\/lt\/wp-json\/wp\/v2\/product_brand?post=16959"},{"taxonomy":"product_cat","embeddable":true,"href":"https:\/\/lightup.lv\/lt\/wp-json\/wp\/v2\/product_cat?post=16959"},{"taxonomy":"product_tag","embeddable":true,"href":"https:\/\/lightup.lv\/lt\/wp-json\/wp\/v2\/product_tag?post=16959"}],"curies":[{"name":"wp","href":"https:\/\/api.w.org\/{rel}","templated":true}]}}