{"id":17025,"date":"2022-06-14T12:35:48","date_gmt":"2022-06-14T12:35:48","guid":{"rendered":"https:\/\/lightup.lv\/product\/retro-balta-rozete-ar-keramikas-rami\/"},"modified":"2024-02-08T06:39:30","modified_gmt":"2024-02-08T06:39:30","slug":"retro-balta-rozete-su-keraminiu-remeliu","status":"publish","type":"product","link":"https:\/\/lightup.lv\/lt\/precu-katalogs\/retro-balta-rozete-ar-keramikas-rami\/","title":{"rendered":"Retro balta rozet\u0117 su keraminiu r\u0117meliu"},"content":{"rendered":"<p>Si\u016blome baltos ir juodos spalv\u0173 derinius r\u0117mams.<\/p>\n<p>Jei turite konkret\u0173 kiek\u012f, susisiekite su mumis ir mes, atsi\u017evelgdami \u012f pasirinkt\u0105 spalv\u0105, kolekcij\u0105, r\u0117m\u0173 skai\u010di\u0173, t\u016br\u012f ir konfig\u016bracij\u0105, paruo\u0161ime Jums i\u0161sami\u0105 kainos pasi\u016blym\u0105. Kaina priklauso nuo pasirinktos med\u017eiagos ir spalvos.<\/p>","protected":false},"excerpt":{"rendered":"<p>Nauja RETRO jungikli\u0173 ir ki\u0161tukini\u0173 lizd\u0173 serija pristato original\u0173 dizain\u0105, \u012fkv\u0117pt\u0105 XX a. 4-ojo de\u0161imtme\u010dio sukam\u0173j\u0173 keramini\u0173 jungikli\u0173 ir pasaulyje unikalios Zl\u00edno miesto, kuriame atsirado OBZOR, funkcionalios architekt\u016bros derinio. \u0160tai kod\u0117l RETRO linija randa savo viet\u0105 ne tik senamadi\u0161kuose interjeruose, bet ir moderniuose loft\u0173, minimalistiniuose ir industriniuose interjeruose.<\/p>","protected":false},"featured_media":17026,"template":"","meta":{"_acf_changed":false},"product_brand":[],"product_cat":[134,133],"product_tag":[135],"class_list":{"0":"post-17025","1":"product","2":"type-product","3":"status-publish","4":"has-post-thumbnail","6":"product_cat-retro","7":"product_cat-sledzi","8":"product_tag-obzor","10":"first","11":"instock","12":"shipping-taxable","13":"purchasable","14":"product-type-simple"},"acf":[],"_links":{"self":[{"href":"https:\/\/lightup.lv\/lt\/wp-json\/wp\/v2\/product\/17025","targetHints":{"allow":["GET"]}}],"collection":[{"href":"https:\/\/lightup.lv\/lt\/wp-json\/wp\/v2\/product"}],"about":[{"href":"https:\/\/lightup.lv\/lt\/wp-json\/wp\/v2\/types\/product"}],"wp:featuredmedia":[{"embeddable":true,"href":"https:\/\/lightup.lv\/lt\/wp-json\/wp\/v2\/media\/17026"}],"wp:attachment":[{"href":"https:\/\/lightup.lv\/lt\/wp-json\/wp\/v2\/media?parent=17025"}],"wp:term":[{"taxonomy":"product_brand","embeddable":true,"href":"https:\/\/lightup.lv\/lt\/wp-json\/wp\/v2\/product_brand?post=17025"},{"taxonomy":"product_cat","embeddable":true,"href":"https:\/\/lightup.lv\/lt\/wp-json\/wp\/v2\/product_cat?post=17025"},{"taxonomy":"product_tag","embeddable":true,"href":"https:\/\/lightup.lv\/lt\/wp-json\/wp\/v2\/product_tag?post=17025"}],"curies":[{"name":"wp","href":"https:\/\/api.w.org\/{rel}","templated":true}]}}