{"id":17264,"date":"2022-06-14T19:13:14","date_gmt":"2022-06-14T19:13:14","guid":{"rendered":"https:\/\/lightup.lv\/product\/decente-balta-2x-usb-rozete-ar-uzladi-un-stikla-rami\/"},"modified":"2024-02-08T06:08:01","modified_gmt":"2024-02-08T06:08:01","slug":"decente-balta-2x-usb-rozete-ar-uzladi-un-stikla-rami","status":"publish","type":"product","link":"https:\/\/lightup.lv\/lt\/produktu-katalogas\/decente-balta-2x-usb-rozete-ar-uzladi-un-stikla-rami\/","title":{"rendered":"Geras baltas 2x USB lizdas su \u012fkrovimu ir stikliniu r\u0117meliu"},"content":{"rendered":"<p>2 savienojumi USB 3.0 female<\/p>\n<p>Platus r\u0117meli\u0173 ir dangteli\u0173 spalv\u0173 pasirinkimas.<\/p>\n<p>Jei turite konkret\u0173 kiek\u012f, susisiekite su mumis ir mes, atsi\u017evelgdami \u012f pasirinkt\u0105 kolekcij\u0105, r\u0117m\u0173 skai\u010di\u0173, t\u016br\u012f ir konfig\u016bracij\u0105, paruo\u0161ime jums i\u0161sami\u0105 kainos pasi\u016blym\u0105. Kaina priklauso nuo pasirinktos med\u017eiagos ir spalvos.<\/p>","protected":false},"excerpt":{"rendered":"<p>\u0160varios linijos, nesenstantis dizainas kartu su kilniomis nat\u016braliomis med\u017eiagomis apib\u016bdina \u201eDECENTE\u201c serij\u0105. Plat\u016bs, prabangiai atrodantys r\u0117meliai i\u0161 stiklo, med\u017eio, metalo, betono ar pleksiglaso puikiai dera prie \u012fvairi\u0173 \u0161iuolaikini\u0173 interjero stili\u0173. Minimaliai stori r\u0117meliai suteikia elegancijos poj\u016bt\u012f. Dangteliai pagaminti i\u0161 auk\u0161tos kokyb\u0117s, UV spinduliams atsparaus plastiko.<\/p>","protected":false},"featured_media":17265,"template":"","meta":{"_acf_changed":false},"product_brand":[],"product_cat":[136,133],"product_tag":[135],"class_list":{"0":"post-17264","1":"product","2":"type-product","3":"status-publish","4":"has-post-thumbnail","6":"product_cat-decente","7":"product_cat-sledzi","8":"product_tag-obzor","10":"first","11":"instock","12":"shipping-taxable","13":"purchasable","14":"product-type-simple"},"acf":[],"_links":{"self":[{"href":"https:\/\/lightup.lv\/lt\/wp-json\/wp\/v2\/product\/17264","targetHints":{"allow":["GET"]}}],"collection":[{"href":"https:\/\/lightup.lv\/lt\/wp-json\/wp\/v2\/product"}],"about":[{"href":"https:\/\/lightup.lv\/lt\/wp-json\/wp\/v2\/types\/product"}],"wp:featuredmedia":[{"embeddable":true,"href":"https:\/\/lightup.lv\/lt\/wp-json\/wp\/v2\/media\/17265"}],"wp:attachment":[{"href":"https:\/\/lightup.lv\/lt\/wp-json\/wp\/v2\/media?parent=17264"}],"wp:term":[{"taxonomy":"product_brand","embeddable":true,"href":"https:\/\/lightup.lv\/lt\/wp-json\/wp\/v2\/product_brand?post=17264"},{"taxonomy":"product_cat","embeddable":true,"href":"https:\/\/lightup.lv\/lt\/wp-json\/wp\/v2\/product_cat?post=17264"},{"taxonomy":"product_tag","embeddable":true,"href":"https:\/\/lightup.lv\/lt\/wp-json\/wp\/v2\/product_tag?post=17264"}],"curies":[{"name":"wp","href":"https:\/\/api.w.org\/{rel}","templated":true}]}}