{"id":17284,"date":"2022-06-15T16:50:12","date_gmt":"2022-06-15T16:50:12","guid":{"rendered":"https:\/\/lightup.lv\/product\/vectis-melns-aluminija-ramis-ar-2-baltiem-sledziem\/"},"modified":"2024-08-26T15:15:18","modified_gmt":"2024-08-26T13:15:18","slug":"vectis-melns-aluminija-ramis-ar-2-baltiem-sledziem","status":"publish","type":"product","link":"https:\/\/lightup.lv\/lt\/produktu-katalogas\/vectis-melns-aluminija-ramis-ar-2-baltiem-sledziem\/","title":{"rendered":"\u201eVectis\u201c juodas aliuminio r\u0117mas su 2 baltais jungikliais"},"content":{"rendered":"<p>Jei turite konkret\u0173 kiek\u012f, susisiekite su mumis ir mes, atsi\u017evelgdami \u012f pasirinkt\u0105 kolekcij\u0105, r\u0117m\u0173 skai\u010di\u0173, t\u016br\u012f ir konfig\u016bracij\u0105, paruo\u0161ime jums i\u0161sami\u0105 kainos pasi\u016blym\u0105. Kaina priklauso nuo pasirinktos med\u017eiagos ir spalvos.<\/p>","protected":false},"excerpt":{"rendered":"<p>Pristatome visi\u0161kai nauj\u0105 VECTIS! Minimalistin\u0117s formos, pagamintas i\u0161 tvirto aliuminio, matin\u0117s baltos arba juodos spalvos.<br \/>\nAnks\u010diau populiar\u016bs perjungimo jungikliai dabar sugr\u012f\u017eta \u2013 \u0161\u012f kart\u0105 gaiviai ir moderniai! Montavimas dar niekada nebuvo toks paprastas d\u0117l magnetini\u0173 r\u0117meli\u0173 ir d\u0117lion\u0117s formos metalini\u0173 r\u0117meli\u0173, kurie leid\u017eia lengvai sujungti kelis r\u0117melius.<\/p>","protected":false},"featured_media":17285,"template":"","meta":{"_acf_changed":false},"product_brand":[],"product_cat":[133,137],"product_tag":[135],"class_list":{"0":"post-17284","1":"product","2":"type-product","3":"status-publish","4":"has-post-thumbnail","6":"product_cat-sledzi","7":"product_cat-vectis","8":"product_tag-obzor","10":"first","11":"instock","12":"shipping-taxable","13":"purchasable","14":"product-type-simple"},"acf":[],"_links":{"self":[{"href":"https:\/\/lightup.lv\/lt\/wp-json\/wp\/v2\/product\/17284","targetHints":{"allow":["GET"]}}],"collection":[{"href":"https:\/\/lightup.lv\/lt\/wp-json\/wp\/v2\/product"}],"about":[{"href":"https:\/\/lightup.lv\/lt\/wp-json\/wp\/v2\/types\/product"}],"wp:featuredmedia":[{"embeddable":true,"href":"https:\/\/lightup.lv\/lt\/wp-json\/wp\/v2\/media\/17285"}],"wp:attachment":[{"href":"https:\/\/lightup.lv\/lt\/wp-json\/wp\/v2\/media?parent=17284"}],"wp:term":[{"taxonomy":"product_brand","embeddable":true,"href":"https:\/\/lightup.lv\/lt\/wp-json\/wp\/v2\/product_brand?post=17284"},{"taxonomy":"product_cat","embeddable":true,"href":"https:\/\/lightup.lv\/lt\/wp-json\/wp\/v2\/product_cat?post=17284"},{"taxonomy":"product_tag","embeddable":true,"href":"https:\/\/lightup.lv\/lt\/wp-json\/wp\/v2\/product_tag?post=17284"}],"curies":[{"name":"wp","href":"https:\/\/api.w.org\/{rel}","templated":true}]}}