{"id":17353,"date":"2022-06-15T19:53:34","date_gmt":"2022-06-15T19:53:34","guid":{"rendered":"https:\/\/lightup.lv\/product\/elegant-peleks-plastmasas-sledzis-ar-2-taustiniem\/"},"modified":"2024-02-08T05:52:48","modified_gmt":"2024-02-08T05:52:48","slug":"elegant-peleks-plastmasas-sledzis-ar-2-taustiniem","status":"publish","type":"product","link":"https:\/\/lightup.lv\/lt\/precu-katalogs\/elegant-peleks-plastmasas-sledzis-ar-2-taustiniem\/","title":{"rendered":"Eleganti\u0161kas pilkas plastikinis jungiklis su 2 mygtukais"},"content":{"rendered":"<p>Izk\u0101rtojums 5, 6+6, 1\/0+1\/0, 1+1\/0. Pieejamas pla\u0161as v\u0101ci\u0146u un r\u0101m\u012b\u0161u kr\u0101su kombin\u0101cijas.<\/p>\n<p>Jei turite konkret\u0173 kiek\u012f, susisiekite su mumis ir mes, atsi\u017evelgdami \u012f pasirinkt\u0105 kolekcij\u0105, spalv\u0105 ir r\u0117m\u0173 konfig\u016bracijas, paruo\u0161ime jums i\u0161sami\u0105 kainos s\u0105mat\u0105. Kaina priklauso nuo pasirinktos med\u017eiagos ir spalvos.<\/p>","protected":false},"excerpt":{"rendered":"<p>Klasikinis, sant\u016braus eleganti\u0161ko dizaino su apvaliomis linijomis ir daugybe spalv\u0173 variant\u0173. Tiek r\u0117melis, tiek dangtelis pagaminti i\u0161 auk\u0161tos kokyb\u0117s plastiko. \u0160veln\u016bs pasteliniai atspalviai sustiprins j\u016bs\u0173 interjero atmosfer\u0105, o ry\u0161k\u016bs atspalviai atkreips d\u0117mes\u012f \u012f detales \u2013 pat\u012f jungikl\u012f. Taip pat si\u016blome geriausiai parduodamas metalo spalvas: aliuminio, grafito, aukso ir titano.<\/p>","protected":false},"featured_media":17354,"template":"","meta":{"_acf_changed":false},"product_brand":[],"product_cat":[138,133],"product_tag":[135],"class_list":{"0":"post-17353","1":"product","2":"type-product","3":"status-publish","4":"has-post-thumbnail","6":"product_cat-elegant","7":"product_cat-sledzi","8":"product_tag-obzor","10":"first","11":"instock","12":"shipping-taxable","13":"purchasable","14":"product-type-simple"},"acf":[],"_links":{"self":[{"href":"https:\/\/lightup.lv\/lt\/wp-json\/wp\/v2\/product\/17353","targetHints":{"allow":["GET"]}}],"collection":[{"href":"https:\/\/lightup.lv\/lt\/wp-json\/wp\/v2\/product"}],"about":[{"href":"https:\/\/lightup.lv\/lt\/wp-json\/wp\/v2\/types\/product"}],"wp:featuredmedia":[{"embeddable":true,"href":"https:\/\/lightup.lv\/lt\/wp-json\/wp\/v2\/media\/17354"}],"wp:attachment":[{"href":"https:\/\/lightup.lv\/lt\/wp-json\/wp\/v2\/media?parent=17353"}],"wp:term":[{"taxonomy":"product_brand","embeddable":true,"href":"https:\/\/lightup.lv\/lt\/wp-json\/wp\/v2\/product_brand?post=17353"},{"taxonomy":"product_cat","embeddable":true,"href":"https:\/\/lightup.lv\/lt\/wp-json\/wp\/v2\/product_cat?post=17353"},{"taxonomy":"product_tag","embeddable":true,"href":"https:\/\/lightup.lv\/lt\/wp-json\/wp\/v2\/product_tag?post=17353"}],"curies":[{"name":"wp","href":"https:\/\/api.w.org\/{rel}","templated":true}]}}