{"id":17773,"date":"2022-06-19T14:46:35","date_gmt":"2022-06-19T14:46:35","guid":{"rendered":"https:\/\/lightup.lv\/product\/crane-stavlampa-melna-un-ozola-krasa-e27-1-x-max-60w\/"},"modified":"2024-01-15T16:12:09","modified_gmt":"2024-01-15T16:12:09","slug":"crane-stavlampa-melna-un-ozola-krasa-e27-1-x-max-60w","status":"publish","type":"product","link":"https:\/\/lightup.lv\/lt\/produktu-katalogas\/crane-stavlampa-melna-un-ozola-krasa-e27-1-x-max-60w\/","title":{"rendered":"Crane st\u0101vlampa meln\u0101 un ozola kr\u0101s\u0101 E27, 1 x Max 60W"},"content":{"rendered":"<p>E27,1 x MAX 60W<br \/>\nApsauga: IP20<br \/>\nIzm\u0113ri: \u00d8:420, A:2000, G:1650<br \/>\n\u012etampa: 220\u2013240 V kintamoji srov\u0117<br \/>\nKr\u0101sa: Melna, Ozola<br \/>\nMateri\u0101ls: T\u0113rauds, Auduma aba\u017e\u016brs, Koks<\/p>\n<p>ID 4204100<\/p>","protected":false},"excerpt":{"rendered":"<p>\u201eViokef\u201c si\u016blo plat\u0173 \u0161viestuv\u0173 \u2013 tiek moderni\u0173, tiek klasikini\u0173 \u2013 pasirinkim\u0105, puikiai papildant\u012f interjero dizain\u0105. \u201eLightUp\u201c yra tiesioginis \u201eViokef\u201c prek\u0117s \u017eenklo platintojas, tod\u0117l galime pasi\u016blyti tokias patrauklias kainas. Ypating\u0105 d\u0117mes\u012f skiriame kokybei. R\u016bpinam\u0117s ir kontroliuojame gaminius nuo j\u0173 u\u017esakymo gamykloje iki transportavimo \u012f sand\u0117l\u012f. Tada juos kruop\u0161\u010diai supakuojame ir i\u0161siun\u010diame klientui.<\/p>","protected":false},"featured_media":17774,"template":"","meta":{"_acf_changed":false},"product_brand":[],"product_cat":[42,61],"product_tag":[105],"class_list":{"0":"post-17773","1":"product","2":"type-product","3":"status-publish","4":"has-post-thumbnail","6":"product_cat-apgaismojums","7":"product_cat-stavlampas","8":"product_tag-viokef","10":"first","11":"instock","12":"shipping-taxable","13":"purchasable","14":"product-type-simple"},"acf":[],"_links":{"self":[{"href":"https:\/\/lightup.lv\/lt\/wp-json\/wp\/v2\/product\/17773","targetHints":{"allow":["GET"]}}],"collection":[{"href":"https:\/\/lightup.lv\/lt\/wp-json\/wp\/v2\/product"}],"about":[{"href":"https:\/\/lightup.lv\/lt\/wp-json\/wp\/v2\/types\/product"}],"wp:featuredmedia":[{"embeddable":true,"href":"https:\/\/lightup.lv\/lt\/wp-json\/wp\/v2\/media\/17774"}],"wp:attachment":[{"href":"https:\/\/lightup.lv\/lt\/wp-json\/wp\/v2\/media?parent=17773"}],"wp:term":[{"taxonomy":"product_brand","embeddable":true,"href":"https:\/\/lightup.lv\/lt\/wp-json\/wp\/v2\/product_brand?post=17773"},{"taxonomy":"product_cat","embeddable":true,"href":"https:\/\/lightup.lv\/lt\/wp-json\/wp\/v2\/product_cat?post=17773"},{"taxonomy":"product_tag","embeddable":true,"href":"https:\/\/lightup.lv\/lt\/wp-json\/wp\/v2\/product_tag?post=17773"}],"curies":[{"name":"wp","href":"https:\/\/api.w.org\/{rel}","templated":true}]}}