{"id":1922,"date":"2020-03-12T08:56:00","date_gmt":"2020-03-12T08:56:00","guid":{"rendered":"https:\/\/lightup.lv\/product\/midway-kresls-ar-roku-balstiem\/"},"modified":"2024-01-29T12:48:36","modified_gmt":"2024-01-29T12:48:36","slug":"midway-kresls-ar-roku-balstiem","status":"publish","type":"product","link":"https:\/\/lightup.lv\/lt\/produktu-katalogas\/midway-kresls-ar-roku-balstiem\/","title":{"rendered":"Midway kr\u0113sls ar roku balstiem"},"content":{"rendered":"<p>Kr\u0101sa : Melns , natur\u0101ls<br \/>\nS\u0113des augstums : 48cm<br \/>\nKr\u0113sla platums : 62cm<br \/>\nKr\u0113sla garums : 67 cm<br \/>\nKr\u0113sla augstums : 92 cm<br \/>\nMet\u0101la r\u0101mis ar melnu m\u012bksto auduma s\u0113di, p\u012btie virves s\u0101ni un muguras balsts.<\/p>\n<p>ID 4032-8-61-81<\/p>","protected":false},"excerpt":{"rendered":"<p>\u201eBrafab\u201c yra \u0160vedijoje \u012fsik\u016brusi \u012fmon\u0117, si\u016blanti terasos baldus. Gamintojas si\u016blo \u012fvairi\u0173 stili\u0173 kolekcijas, tinkan\u010dias kiekvienai terasai.<br \/>\nTerasos baldai atitinka \u0160vedijos kokyb\u0119 ir standartus, tod\u0117l yra auk\u0161tos kokyb\u0117s ir tinkami naudoti lauke.<\/p>","protected":false},"featured_media":1923,"template":"","meta":{"_acf_changed":false},"product_brand":[],"product_cat":[51,50],"product_tag":[52],"class_list":{"0":"post-1922","1":"product","2":"type-product","3":"status-publish","4":"has-post-thumbnail","6":"product_cat-kresli-terases-mebeles","7":"product_cat-terases-mebeles","8":"product_tag-brafab","10":"first","11":"instock","12":"shipping-taxable","13":"purchasable","14":"product-type-simple"},"acf":[],"_links":{"self":[{"href":"https:\/\/lightup.lv\/lt\/wp-json\/wp\/v2\/product\/1922","targetHints":{"allow":["GET"]}}],"collection":[{"href":"https:\/\/lightup.lv\/lt\/wp-json\/wp\/v2\/product"}],"about":[{"href":"https:\/\/lightup.lv\/lt\/wp-json\/wp\/v2\/types\/product"}],"wp:featuredmedia":[{"embeddable":true,"href":"https:\/\/lightup.lv\/lt\/wp-json\/wp\/v2\/media\/1923"}],"wp:attachment":[{"href":"https:\/\/lightup.lv\/lt\/wp-json\/wp\/v2\/media?parent=1922"}],"wp:term":[{"taxonomy":"product_brand","embeddable":true,"href":"https:\/\/lightup.lv\/lt\/wp-json\/wp\/v2\/product_brand?post=1922"},{"taxonomy":"product_cat","embeddable":true,"href":"https:\/\/lightup.lv\/lt\/wp-json\/wp\/v2\/product_cat?post=1922"},{"taxonomy":"product_tag","embeddable":true,"href":"https:\/\/lightup.lv\/lt\/wp-json\/wp\/v2\/product_tag?post=1922"}],"curies":[{"name":"wp","href":"https:\/\/api.w.org\/{rel}","templated":true}]}}