{"id":1953,"date":"2020-03-15T10:50:42","date_gmt":"2020-03-15T10:50:42","guid":{"rendered":"https:\/\/lightup.lv\/product\/leone-pusdienu-kresls-ar-roku-balstiem\/"},"modified":"2024-01-29T12:47:13","modified_gmt":"2024-01-29T12:47:13","slug":"leone-pusdienu-kresls-ar-roku-balstiem","status":"publish","type":"product","link":"https:\/\/lightup.lv\/lt\/produktu-katalogas\/leone-pusdienu-kresls-ar-roku-balstiem\/","title":{"rendered":"Leone pusdienu kr\u0113sls ar roku balstiem"},"content":{"rendered":"<p>Spalva: balta ir pilka<br \/>\nS\u0113des augstums : 44cm<br \/>\nKr\u0113sla platums : 60cm<br \/>\nK\u0117d\u0117s ilgis: 57 cm<br \/>\nKr\u0113sla augstums : 89 cm<\/p>\n<p>Leone pusdienu kr\u0113sls ir izgatavots no alum\u012bnija, s\u0113dek\u013ci ir no tekstilmateri\u0101la. \u0160aj\u0101 m\u0113be\u013cu s\u0113rij\u0101 ir vair\u0101ki veidu galdi, saliekams kr\u0113sls, kl\u0101ja kr\u0113sls un pat pludmales kr\u0113sls. Pateicoties tik da\u017e\u0101diem priek\u0161metiem,\u00a0 var izveidot vienotu stila iestat\u012bjumu vis\u0101 m\u0101j\u0101 un d\u0101rz\u0101.<\/p>\n<p>ID 4211-50-7<\/p>","protected":false},"excerpt":{"rendered":"<p>\u201eBrafab\u201c yra \u0160vedijoje \u012fsik\u016brusi \u012fmon\u0117, si\u016blanti terasos baldus. Gamintojas si\u016blo \u012fvairi\u0173 stili\u0173 kolekcijas, tinkan\u010dias kiekvienai terasai.<br \/>\nTerasos baldai atitinka \u0160vedijos kokyb\u0119 ir standartus, tod\u0117l yra auk\u0161tos kokyb\u0117s ir tinkami naudoti lauke.<\/p>","protected":false},"featured_media":1954,"template":"","meta":{"_acf_changed":false},"product_brand":[],"product_cat":[51,50],"product_tag":[52],"class_list":{"0":"post-1953","1":"product","2":"type-product","3":"status-publish","4":"has-post-thumbnail","6":"product_cat-kresli-terases-mebeles","7":"product_cat-terases-mebeles","8":"product_tag-brafab","10":"first","11":"instock","12":"shipping-taxable","13":"purchasable","14":"product-type-simple"},"acf":[],"_links":{"self":[{"href":"https:\/\/lightup.lv\/lt\/wp-json\/wp\/v2\/product\/1953","targetHints":{"allow":["GET"]}}],"collection":[{"href":"https:\/\/lightup.lv\/lt\/wp-json\/wp\/v2\/product"}],"about":[{"href":"https:\/\/lightup.lv\/lt\/wp-json\/wp\/v2\/types\/product"}],"wp:featuredmedia":[{"embeddable":true,"href":"https:\/\/lightup.lv\/lt\/wp-json\/wp\/v2\/media\/1954"}],"wp:attachment":[{"href":"https:\/\/lightup.lv\/lt\/wp-json\/wp\/v2\/media?parent=1953"}],"wp:term":[{"taxonomy":"product_brand","embeddable":true,"href":"https:\/\/lightup.lv\/lt\/wp-json\/wp\/v2\/product_brand?post=1953"},{"taxonomy":"product_cat","embeddable":true,"href":"https:\/\/lightup.lv\/lt\/wp-json\/wp\/v2\/product_cat?post=1953"},{"taxonomy":"product_tag","embeddable":true,"href":"https:\/\/lightup.lv\/lt\/wp-json\/wp\/v2\/product_tag?post=1953"}],"curies":[{"name":"wp","href":"https:\/\/api.w.org\/{rel}","templated":true}]}}