{"id":1983,"date":"2020-03-16T13:44:54","date_gmt":"2020-03-16T13:44:54","guid":{"rendered":"https:\/\/lightup.lv\/product\/artu-plafons\/"},"modified":"2024-01-15T11:50:53","modified_gmt":"2024-01-15T11:50:53","slug":"artu-plafons","status":"publish","type":"product","link":"https:\/\/lightup.lv\/lt\/produktu-katalogas\/artu-plafons\/","title":{"rendered":"ARTU balts pro\u017eektors"},"content":{"rendered":"<p>1 x 15,4W LED 230V, 1000 LM<\/p>\n<p>W: 10 cm<\/p>\n<p>H: 10 cm<\/p>\n<p>D: 10 cm<\/p>\n<p>Spalva: balta<\/p>\n<p>Med\u017eiaga: metalas<\/p>\n<p>&nbsp;<\/p>\n<p> ID C0106<\/p>","protected":false},"excerpt":{"rendered":"<p>1 x 15,4W LED 230V, 1000 LM W: 10 cm H: 10 cm D: 10 cm Kr\u0101sa: Balta Materi\u0101ls: Met\u0101ls &nbsp; ID C0106<\/p>","protected":false},"featured_media":1984,"template":"","meta":{"_acf_changed":false},"product_brand":[],"product_cat":[42,55],"product_tag":[],"class_list":{"0":"post-1983","1":"product","2":"type-product","3":"status-publish","4":"has-post-thumbnail","6":"product_cat-apgaismojums","7":"product_cat-prozektori","9":"first","10":"instock","11":"shipping-taxable","12":"purchasable","13":"product-type-simple"},"acf":[],"_links":{"self":[{"href":"https:\/\/lightup.lv\/lt\/wp-json\/wp\/v2\/product\/1983","targetHints":{"allow":["GET"]}}],"collection":[{"href":"https:\/\/lightup.lv\/lt\/wp-json\/wp\/v2\/product"}],"about":[{"href":"https:\/\/lightup.lv\/lt\/wp-json\/wp\/v2\/types\/product"}],"wp:featuredmedia":[{"embeddable":true,"href":"https:\/\/lightup.lv\/lt\/wp-json\/wp\/v2\/media\/1984"}],"wp:attachment":[{"href":"https:\/\/lightup.lv\/lt\/wp-json\/wp\/v2\/media?parent=1983"}],"wp:term":[{"taxonomy":"product_brand","embeddable":true,"href":"https:\/\/lightup.lv\/lt\/wp-json\/wp\/v2\/product_brand?post=1983"},{"taxonomy":"product_cat","embeddable":true,"href":"https:\/\/lightup.lv\/lt\/wp-json\/wp\/v2\/product_cat?post=1983"},{"taxonomy":"product_tag","embeddable":true,"href":"https:\/\/lightup.lv\/lt\/wp-json\/wp\/v2\/product_tag?post=1983"}],"curies":[{"name":"wp","href":"https:\/\/api.w.org\/{rel}","templated":true}]}}