{"id":2113,"date":"2020-03-21T13:16:04","date_gmt":"2020-03-21T13:16:04","guid":{"rendered":"https:\/\/lightup.lv\/product\/selva-klasisks-plastmasas-klaja-kresls\/"},"modified":"2024-01-29T12:44:44","modified_gmt":"2024-01-29T12:44:44","slug":"selva-klasisks-plastmasas-klaja-kresls","status":"publish","type":"product","link":"https:\/\/lightup.lv\/lt\/produktu-katalogas\/selva-klasisks-plastmasas-klaja-kresls\/","title":{"rendered":"Selva klasisks plastmasas kl\u0101ja kr\u0113sls"},"content":{"rendered":"<p>Kr\u0101sa : Balts<br \/>\nKr\u0113sla platums : 83 cm<br \/>\nKr\u0113sla garums : 72 cm<br \/>\nKr\u0113sla augstums : 93 cm<\/p>\n<p>Plastmasas kr\u0113sls klasiskaj\u0101 kl\u0101ja dizain\u0101, iesp\u0113jams salikt vienu uz otra.<\/p>\n<p>ID 8480WH<\/p>","protected":false},"excerpt":{"rendered":"<p>\u201eBrafab\u201c yra \u0160vedijoje \u012fsik\u016brusi \u012fmon\u0117, si\u016blanti terasos baldus. Gamintojas si\u016blo \u012fvairi\u0173 stili\u0173 kolekcijas, tinkan\u010dias kiekvienai terasai.<br \/>\nTerasos baldai atitinka \u0160vedijos kokyb\u0119 ir standartus, tod\u0117l yra auk\u0161tos kokyb\u0117s ir tinkami naudoti lauke.<\/p>","protected":false},"featured_media":2114,"template":"","meta":{"_acf_changed":false},"product_brand":[],"product_cat":[73,51,50],"product_tag":[52],"class_list":{"0":"post-2113","1":"product","2":"type-product","3":"status-publish","4":"has-post-thumbnail","6":"product_cat-divani-terases","7":"product_cat-kresli-terases-mebeles","8":"product_cat-terases-mebeles","9":"product_tag-brafab","11":"first","12":"instock","13":"shipping-taxable","14":"purchasable","15":"product-type-simple"},"acf":[],"_links":{"self":[{"href":"https:\/\/lightup.lv\/lt\/wp-json\/wp\/v2\/product\/2113","targetHints":{"allow":["GET"]}}],"collection":[{"href":"https:\/\/lightup.lv\/lt\/wp-json\/wp\/v2\/product"}],"about":[{"href":"https:\/\/lightup.lv\/lt\/wp-json\/wp\/v2\/types\/product"}],"wp:featuredmedia":[{"embeddable":true,"href":"https:\/\/lightup.lv\/lt\/wp-json\/wp\/v2\/media\/2114"}],"wp:attachment":[{"href":"https:\/\/lightup.lv\/lt\/wp-json\/wp\/v2\/media?parent=2113"}],"wp:term":[{"taxonomy":"product_brand","embeddable":true,"href":"https:\/\/lightup.lv\/lt\/wp-json\/wp\/v2\/product_brand?post=2113"},{"taxonomy":"product_cat","embeddable":true,"href":"https:\/\/lightup.lv\/lt\/wp-json\/wp\/v2\/product_cat?post=2113"},{"taxonomy":"product_tag","embeddable":true,"href":"https:\/\/lightup.lv\/lt\/wp-json\/wp\/v2\/product_tag?post=2113"}],"curies":[{"name":"wp","href":"https:\/\/api.w.org\/{rel}","templated":true}]}}