{"id":2144,"date":"2020-03-21T14:49:23","date_gmt":"2020-03-21T14:49:23","guid":{"rendered":"https:\/\/lightup.lv\/product\/sottenville-pusdienu-kresls\/"},"modified":"2024-01-29T12:31:26","modified_gmt":"2024-01-29T12:31:26","slug":"sottenville-pusdienu-kresls","status":"publish","type":"product","link":"https:\/\/lightup.lv\/lt\/produktu-katalogas\/sottenville-pusdienu-kresls\/","title":{"rendered":"Sottenville pusdienu kr\u0113sls"},"content":{"rendered":"<p>Kr\u0101sa : Balts un tum\u0161i zils<br \/>\nS\u0113des augstums : 48cm<br \/>\nKr\u0113sla platums : 61cm<br \/>\nKr\u0113sla garums : 70cm<br \/>\nKr\u0113sla augstums : 90cm<\/p>\n<p>Pusdienu kr\u0113sls no kolekcijas Sottenville. Sottenville kr\u0113sls ir balts alum\u012bnija panelis ar klasisku dizainu un krustenisku formu atzveltnes da\u013c\u0101. Alum\u012bnija m\u0113bel\u0113m ir konusveida k\u0101jas. Spilveni ir izgatavoti no olef\u012bna auduma tum\u0161i zil\u0101 kr\u0101s\u0101.<\/p>\n<p>ID 4091-05-01<\/p>","protected":false},"excerpt":{"rendered":"<p>\u201eBrafab\u201c yra \u0160vedijoje \u012fsik\u016brusi \u012fmon\u0117, si\u016blanti terasos baldus. Gamintojas si\u016blo \u012fvairi\u0173 stili\u0173 kolekcijas, tinkan\u010dias kiekvienai terasai.<br \/>\nTerasos baldai atitinka \u0160vedijos kokyb\u0119 ir standartus, tod\u0117l yra auk\u0161tos kokyb\u0117s ir tinkami naudoti lauke.<\/p>","protected":false},"featured_media":2145,"template":"","meta":{"_acf_changed":false},"product_brand":[],"product_cat":[73,51,50],"product_tag":[52],"class_list":{"0":"post-2144","1":"product","2":"type-product","3":"status-publish","4":"has-post-thumbnail","6":"product_cat-divani-terases","7":"product_cat-kresli-terases-mebeles","8":"product_cat-terases-mebeles","9":"product_tag-brafab","11":"first","12":"instock","13":"shipping-taxable","14":"purchasable","15":"product-type-simple"},"acf":[],"_links":{"self":[{"href":"https:\/\/lightup.lv\/lt\/wp-json\/wp\/v2\/product\/2144","targetHints":{"allow":["GET"]}}],"collection":[{"href":"https:\/\/lightup.lv\/lt\/wp-json\/wp\/v2\/product"}],"about":[{"href":"https:\/\/lightup.lv\/lt\/wp-json\/wp\/v2\/types\/product"}],"wp:featuredmedia":[{"embeddable":true,"href":"https:\/\/lightup.lv\/lt\/wp-json\/wp\/v2\/media\/2145"}],"wp:attachment":[{"href":"https:\/\/lightup.lv\/lt\/wp-json\/wp\/v2\/media?parent=2144"}],"wp:term":[{"taxonomy":"product_brand","embeddable":true,"href":"https:\/\/lightup.lv\/lt\/wp-json\/wp\/v2\/product_brand?post=2144"},{"taxonomy":"product_cat","embeddable":true,"href":"https:\/\/lightup.lv\/lt\/wp-json\/wp\/v2\/product_cat?post=2144"},{"taxonomy":"product_tag","embeddable":true,"href":"https:\/\/lightup.lv\/lt\/wp-json\/wp\/v2\/product_tag?post=2144"}],"curies":[{"name":"wp","href":"https:\/\/api.w.org\/{rel}","templated":true}]}}