{"id":2179,"date":"2020-03-21T17:45:33","date_gmt":"2020-03-21T17:45:33","guid":{"rendered":"https:\/\/lightup.lv\/product\/vevi-pusdienu-kresls\/"},"modified":"2024-01-29T12:29:58","modified_gmt":"2024-01-29T12:29:58","slug":"vevi-pusdienu-kresls","status":"publish","type":"product","link":"https:\/\/lightup.lv\/lt\/produktu-katalogas\/vevi-pusdienu-kresls\/","title":{"rendered":"Vevi pusdienu kr\u0113sls"},"content":{"rendered":"<p>Kr\u0101sa :Melns<br \/>\nS\u0117dyn\u0117s auk\u0161tis: 45 cm<br \/>\nKr\u0113sla platums : 54cm<br \/>\nK\u0117d\u0117s ilgis: 57 cm<br \/>\nKr\u0113sla augstums : 89 cm<br \/>\nVevi pusdienu kr\u0113sls no Brafab ir elegants un \u0113rts d\u0101rza kr\u0113sls. Pateicoties diviem r\u0101mjiem, ko veido roku balsti un k\u0101jas, kr\u0113sls rada minim\u0101listisku un t\u012bru iespaidu. Kr\u0113sls ir pieejams meln\u0101 kr\u0101s\u0101, kas izgatavots no alum\u012bnija un p\u0101rkl\u0101ts ar melnu, mat\u0113tu, lakotu kr\u0101su. S\u0113dek\u013ca da\u013cu viedo tekstils.<\/p>\n<p>ID 4021-8-79<\/p>","protected":false},"excerpt":{"rendered":"<p>\u201eBrafab\u201c yra \u0160vedijoje \u012fsik\u016brusi \u012fmon\u0117, si\u016blanti terasos baldus. Gamintojas si\u016blo \u012fvairi\u0173 stili\u0173 kolekcijas, tinkan\u010dias kiekvienai terasai.<br \/>\nTerasos baldai atitinka \u0160vedijos kokyb\u0119 ir standartus, tod\u0117l yra auk\u0161tos kokyb\u0117s ir tinkami naudoti lauke.<\/p>","protected":false},"featured_media":2180,"template":"","meta":{"_acf_changed":false},"product_brand":[],"product_cat":[51,50],"product_tag":[52],"class_list":{"0":"post-2179","1":"product","2":"type-product","3":"status-publish","4":"has-post-thumbnail","6":"product_cat-kresli-terases-mebeles","7":"product_cat-terases-mebeles","8":"product_tag-brafab","10":"first","11":"instock","12":"shipping-taxable","13":"purchasable","14":"product-type-simple"},"acf":[],"_links":{"self":[{"href":"https:\/\/lightup.lv\/lt\/wp-json\/wp\/v2\/product\/2179","targetHints":{"allow":["GET"]}}],"collection":[{"href":"https:\/\/lightup.lv\/lt\/wp-json\/wp\/v2\/product"}],"about":[{"href":"https:\/\/lightup.lv\/lt\/wp-json\/wp\/v2\/types\/product"}],"wp:featuredmedia":[{"embeddable":true,"href":"https:\/\/lightup.lv\/lt\/wp-json\/wp\/v2\/media\/2180"}],"wp:attachment":[{"href":"https:\/\/lightup.lv\/lt\/wp-json\/wp\/v2\/media?parent=2179"}],"wp:term":[{"taxonomy":"product_brand","embeddable":true,"href":"https:\/\/lightup.lv\/lt\/wp-json\/wp\/v2\/product_brand?post=2179"},{"taxonomy":"product_cat","embeddable":true,"href":"https:\/\/lightup.lv\/lt\/wp-json\/wp\/v2\/product_cat?post=2179"},{"taxonomy":"product_tag","embeddable":true,"href":"https:\/\/lightup.lv\/lt\/wp-json\/wp\/v2\/product_tag?post=2179"}],"curies":[{"name":"wp","href":"https:\/\/api.w.org\/{rel}","templated":true}]}}