{"id":2264,"date":"2020-03-21T22:39:43","date_gmt":"2020-03-21T22:39:43","guid":{"rendered":"https:\/\/lightup.lv\/product\/alvena-kresls-ar-roku-balstiem-2\/"},"modified":"2024-01-29T12:11:34","modified_gmt":"2024-01-29T12:11:34","slug":"alvena-fotelis-su-porankiais-2","status":"publish","type":"product","link":"https:\/\/lightup.lv\/lt\/produktu-katalogas\/alvena-fotelis-su-porankiais-2\/","title":{"rendered":"Alvena k\u0117d\u0117 su porankiais"},"content":{"rendered":"<p>Spalva: balta ir pilka<br \/>\nS\u0117dyn\u0117s auk\u0161tis: 44 cm<br \/>\nK\u0117d\u0117s plotis: 46 cm<br \/>\nK\u0117d\u0117s ilgis: 56 cm<br \/>\nK\u0117d\u0117s auk\u0161tis: 95 cm<br \/>\n\u201eAlvena\u201c serijos aliuminio k\u0117d\u0117 su porankiais, da\u017eyta balta, matine spalva, atspari lauko oro s\u0105lygoms. Komplekte yra pilka poliesterio pagalv\u0117l\u0117.<\/p>\n<p>ID 3401-50-71<\/p>","protected":false},"excerpt":{"rendered":"<p>\u201eBrafab\u201c yra \u0160vedijoje \u012fsik\u016brusi \u012fmon\u0117, si\u016blanti terasos baldus. Gamintojas si\u016blo \u012fvairi\u0173 stili\u0173 kolekcijas, tinkan\u010dias kiekvienai terasai.<br \/>\nTerasos baldai atitinka \u0160vedijos kokyb\u0119 ir standartus, tod\u0117l yra auk\u0161tos kokyb\u0117s ir tinkami naudoti lauke.<\/p>","protected":false},"featured_media":2265,"template":"","meta":{"_acf_changed":false},"product_brand":[],"product_cat":[51,50],"product_tag":[52],"class_list":{"0":"post-2264","1":"product","2":"type-product","3":"status-publish","4":"has-post-thumbnail","6":"product_cat-kresli-terases-mebeles","7":"product_cat-terases-mebeles","8":"product_tag-brafab","10":"first","11":"instock","12":"shipping-taxable","13":"purchasable","14":"product-type-simple"},"acf":[],"_links":{"self":[{"href":"https:\/\/lightup.lv\/lt\/wp-json\/wp\/v2\/product\/2264","targetHints":{"allow":["GET"]}}],"collection":[{"href":"https:\/\/lightup.lv\/lt\/wp-json\/wp\/v2\/product"}],"about":[{"href":"https:\/\/lightup.lv\/lt\/wp-json\/wp\/v2\/types\/product"}],"wp:featuredmedia":[{"embeddable":true,"href":"https:\/\/lightup.lv\/lt\/wp-json\/wp\/v2\/media\/2265"}],"wp:attachment":[{"href":"https:\/\/lightup.lv\/lt\/wp-json\/wp\/v2\/media?parent=2264"}],"wp:term":[{"taxonomy":"product_brand","embeddable":true,"href":"https:\/\/lightup.lv\/lt\/wp-json\/wp\/v2\/product_brand?post=2264"},{"taxonomy":"product_cat","embeddable":true,"href":"https:\/\/lightup.lv\/lt\/wp-json\/wp\/v2\/product_cat?post=2264"},{"taxonomy":"product_tag","embeddable":true,"href":"https:\/\/lightup.lv\/lt\/wp-json\/wp\/v2\/product_tag?post=2264"}],"curies":[{"name":"wp","href":"https:\/\/api.w.org\/{rel}","templated":true}]}}