{"id":2277,"date":"2020-03-21T22:56:12","date_gmt":"2020-03-21T22:56:12","guid":{"rendered":"https:\/\/lightup.lv\/product\/arras-darza-galdins\/"},"modified":"2024-01-29T12:11:07","modified_gmt":"2024-01-29T12:11:07","slug":"arras-darza-galdins","status":"publish","type":"product","link":"https:\/\/lightup.lv\/lt\/produktu-katalogas\/arras-darza-galdins\/","title":{"rendered":"Arras sodo stalas"},"content":{"rendered":"<p>Kr\u0101sa : Balts, mat\u0113ts<br \/>\nGalda augstums : 67cm<br \/>\nGalda diametrs : 70cm<br \/>\nArras s\u0113rijas apa\u013c\u0161 alum\u012bnija d\u0101rza, kafijas galdi\u0146\u0161 balt\u0101, mat\u0113t\u0101 kr\u0101s\u0101 ar p\u012bta stila galda virsmas rakstu, veido skaidru iespaidu.<\/p>\n<p>ID 6157-5<\/p>","protected":false},"excerpt":{"rendered":"<p>\u201eBrafab\u201c yra \u0160vedijoje \u012fsik\u016brusi \u012fmon\u0117, si\u016blanti terasos baldus. Gamintojas si\u016blo \u012fvairi\u0173 stili\u0173 kolekcijas, tinkan\u010dias kiekvienai terasai.<br \/>\nTerasos baldai atitinka \u0160vedijos kokyb\u0119 ir standartus, tod\u0117l yra auk\u0161tos kokyb\u0117s ir tinkami naudoti lauke.<\/p>","protected":false},"featured_media":2278,"template":"","meta":{"_acf_changed":false},"product_brand":[],"product_cat":[57,50,60],"product_tag":[52],"class_list":{"0":"post-2277","1":"product","2":"type-product","3":"status-publish","4":"has-post-thumbnail","6":"product_cat-galdi-terases-mebeles","7":"product_cat-terases-mebeles","8":"product_cat-kafijas-galdini","9":"product_tag-brafab","11":"first","12":"instock","13":"shipping-taxable","14":"purchasable","15":"product-type-simple"},"acf":[],"_links":{"self":[{"href":"https:\/\/lightup.lv\/lt\/wp-json\/wp\/v2\/product\/2277","targetHints":{"allow":["GET"]}}],"collection":[{"href":"https:\/\/lightup.lv\/lt\/wp-json\/wp\/v2\/product"}],"about":[{"href":"https:\/\/lightup.lv\/lt\/wp-json\/wp\/v2\/types\/product"}],"wp:featuredmedia":[{"embeddable":true,"href":"https:\/\/lightup.lv\/lt\/wp-json\/wp\/v2\/media\/2278"}],"wp:attachment":[{"href":"https:\/\/lightup.lv\/lt\/wp-json\/wp\/v2\/media?parent=2277"}],"wp:term":[{"taxonomy":"product_brand","embeddable":true,"href":"https:\/\/lightup.lv\/lt\/wp-json\/wp\/v2\/product_brand?post=2277"},{"taxonomy":"product_cat","embeddable":true,"href":"https:\/\/lightup.lv\/lt\/wp-json\/wp\/v2\/product_cat?post=2277"},{"taxonomy":"product_tag","embeddable":true,"href":"https:\/\/lightup.lv\/lt\/wp-json\/wp\/v2\/product_tag?post=2277"}],"curies":[{"name":"wp","href":"https:\/\/api.w.org\/{rel}","templated":true}]}}