{"id":2331,"date":"2020-03-22T11:27:32","date_gmt":"2020-03-22T11:27:32","guid":{"rendered":"https:\/\/lightup.lv\/product\/lollipop-iekarinama-lampa\/"},"modified":"2024-02-04T06:01:04","modified_gmt":"2024-02-04T06:01:04","slug":"lollipop-iekarinama-lampa","status":"publish","type":"product","link":"https:\/\/lightup.lv\/lt\/precu-katalogs\/lollipop-iekarinama-lampa\/","title":{"rendered":"Lollipop Iekarin\u0101ma lampa"},"content":{"rendered":"<p>6 x max 40W G9 230V<\/p>\n<p>\u00d8: 88 cm<\/p>\n<p>H: max 115 cm<\/p>\n<p>Kr\u0101sa: Misi\u0146s<\/p>\n<p>Med\u017eiaga: metalas, stiklas<\/p>\n<p>Lemput\u0117s ne\u012fskai\u010diuotos.<\/p>\n<p>ID P0294<\/p>","protected":false},"excerpt":{"rendered":"<p>Lollipop ir modernu apgaismes ier\u012b\u010du \u0123imene. Lieliski der interjeriem ar r\u016bpniecisku vai minim\u0101listisku dekoru, bet der\u0113s ar\u012b daudzos citos izk\u0101rtojumos. \u010cetri Lollipop mode\u013ci ir iespaid\u012bgs, gandr\u012bz pusotra metra gaismeklis uz iegarena r\u0101mja ar interesantu formu, un tr\u012bs lampas ar p\u0101rvietojam\u0101m rok\u0101m: piekaramais, st\u0101vo\u0161ais un galds, k\u0101 ar\u012b sienas lampas Misi\u0146a stie\u0146i, uz kuriem ir uzst\u0101d\u012bti sf\u0113riski stikla to\u0146i ar spuldz\u0113m, var br\u012bvi regul\u0113t, pateicoties kuriem luktura formu var piel\u0101got j\u016bsu vajadz\u012bb\u0101m. \u0122eometrija, statiskais un taisnais le\u0146\u0137is, vienm\u0113r\u012bgas p\u0101rejas un vi\u013c\u0146i vai savva\u013cas kompoz\u012bcija, pilna ar diagon\u0101l\u0101m l\u012bnij\u0101m un p\u0101rsteidzo\u0161iem p\u0101rk\u0101pumiem &#8211; tas ir atkar\u012bgs no jums. Neatkar\u012bgi no iestat\u012bjuma, gaismek\u013ci nodro\u0161ina lielu izklied\u0113t\u0101s gaismas daudzumu, un to neparastais, intri\u0123\u0113jo\u0161ais dizains piesaista uzman\u012bbu ne tikai tad, kad tie tiek apgaismoti. Konfekte ir asimetriska, jautra ar formu un \u0161\u0137ipsni\u0146u nepr\u0101ta vislab\u0101kaj\u0101 stil\u0101.<\/p>","protected":false},"featured_media":2332,"template":"","meta":{"_acf_changed":false},"product_brand":[],"product_cat":[42,43],"product_tag":[44],"class_list":{"0":"post-2331","1":"product","2":"type-product","3":"status-publish","4":"has-post-thumbnail","6":"product_cat-apgaismojums","7":"product_cat-piekaramas-lampas","8":"product_tag-maxlight","10":"first","11":"instock","12":"shipping-taxable","13":"purchasable","14":"product-type-simple"},"acf":[],"_links":{"self":[{"href":"https:\/\/lightup.lv\/lt\/wp-json\/wp\/v2\/product\/2331","targetHints":{"allow":["GET"]}}],"collection":[{"href":"https:\/\/lightup.lv\/lt\/wp-json\/wp\/v2\/product"}],"about":[{"href":"https:\/\/lightup.lv\/lt\/wp-json\/wp\/v2\/types\/product"}],"wp:featuredmedia":[{"embeddable":true,"href":"https:\/\/lightup.lv\/lt\/wp-json\/wp\/v2\/media\/2332"}],"wp:attachment":[{"href":"https:\/\/lightup.lv\/lt\/wp-json\/wp\/v2\/media?parent=2331"}],"wp:term":[{"taxonomy":"product_brand","embeddable":true,"href":"https:\/\/lightup.lv\/lt\/wp-json\/wp\/v2\/product_brand?post=2331"},{"taxonomy":"product_cat","embeddable":true,"href":"https:\/\/lightup.lv\/lt\/wp-json\/wp\/v2\/product_cat?post=2331"},{"taxonomy":"product_tag","embeddable":true,"href":"https:\/\/lightup.lv\/lt\/wp-json\/wp\/v2\/product_tag?post=2331"}],"curies":[{"name":"wp","href":"https:\/\/api.w.org\/{rel}","templated":true}]}}