{"id":2345,"date":"2020-03-22T11:58:42","date_gmt":"2020-03-22T11:58:42","guid":{"rendered":"https:\/\/lightup.lv\/product\/volos-tikkoka-kresls\/"},"modified":"2024-01-29T11:59:30","modified_gmt":"2024-01-29T11:59:30","slug":"noriu-tikoka-kedes","status":"publish","type":"product","link":"https:\/\/lightup.lv\/lt\/produktu-katalogas\/noriu-tikoka-kedes\/","title":{"rendered":"Volos tikmed\u017eio k\u0117d\u0117"},"content":{"rendered":"<p>Spalva: ruda<br \/>\nS\u0117dyn\u0117s auk\u0161tis: 47 cm<br \/>\nK\u0117d\u0117s plotis: 63 cm<br \/>\nK\u0117d\u0117s ilgis: 57 cm<br \/>\nK\u0117d\u0117s auk\u0161tis: 90 cm<br \/>\n\u201eVolos\u201c k\u0117d\u0117 su porankiais, pagaminta i\u0161 tikmed\u017eio, tinka tiek sodams, tiek ma\u017eesn\u0117ms erdv\u0117ms<\/p>\n<p>ID 20462<\/p>","protected":false},"excerpt":{"rendered":"<p>\u201eBrafab\u201c yra \u0160vedijoje \u012fsik\u016brusi \u012fmon\u0117, si\u016blanti terasos baldus. Gamintojas si\u016blo \u012fvairi\u0173 stili\u0173 kolekcijas, tinkan\u010dias kiekvienai terasai.<br \/>\nTerasos baldai atitinka \u0160vedijos kokyb\u0119 ir standartus, tod\u0117l yra auk\u0161tos kokyb\u0117s ir tinkami naudoti lauke.<\/p>","protected":false},"featured_media":2346,"template":"","meta":{"_acf_changed":false},"product_brand":[],"product_cat":[51,50],"product_tag":[52],"class_list":{"0":"post-2345","1":"product","2":"type-product","3":"status-publish","4":"has-post-thumbnail","6":"product_cat-kresli-terases-mebeles","7":"product_cat-terases-mebeles","8":"product_tag-brafab","10":"first","11":"instock","12":"shipping-taxable","13":"purchasable","14":"product-type-simple"},"acf":[],"_links":{"self":[{"href":"https:\/\/lightup.lv\/lt\/wp-json\/wp\/v2\/product\/2345","targetHints":{"allow":["GET"]}}],"collection":[{"href":"https:\/\/lightup.lv\/lt\/wp-json\/wp\/v2\/product"}],"about":[{"href":"https:\/\/lightup.lv\/lt\/wp-json\/wp\/v2\/types\/product"}],"wp:featuredmedia":[{"embeddable":true,"href":"https:\/\/lightup.lv\/lt\/wp-json\/wp\/v2\/media\/2346"}],"wp:attachment":[{"href":"https:\/\/lightup.lv\/lt\/wp-json\/wp\/v2\/media?parent=2345"}],"wp:term":[{"taxonomy":"product_brand","embeddable":true,"href":"https:\/\/lightup.lv\/lt\/wp-json\/wp\/v2\/product_brand?post=2345"},{"taxonomy":"product_cat","embeddable":true,"href":"https:\/\/lightup.lv\/lt\/wp-json\/wp\/v2\/product_cat?post=2345"},{"taxonomy":"product_tag","embeddable":true,"href":"https:\/\/lightup.lv\/lt\/wp-json\/wp\/v2\/product_tag?post=2345"}],"curies":[{"name":"wp","href":"https:\/\/api.w.org\/{rel}","templated":true}]}}