{"id":2560,"date":"2020-03-22T21:07:42","date_gmt":"2020-03-22T21:07:42","guid":{"rendered":"https:\/\/lightup.lv\/product\/form-plafons\/"},"modified":"2024-02-04T05:34:45","modified_gmt":"2024-02-04T05:34:45","slug":"form-plafons","status":"publish","type":"product","link":"https:\/\/lightup.lv\/lt\/produktu-katalogas\/form-plafons\/","title":{"rendered":"FORM Plafons"},"content":{"rendered":"<p>1 x\u00a050W GU10 230V<\/p>\n<p>\u00d8: 8 cm<\/p>\n<p>Auk\u0161tis: 8 cm<\/p>\n<p>Spalva: juoda<\/p>\n<p>Med\u017eiaga: aliuminis<\/p>\n<p>Lemput\u0117s ne\u012fskai\u010diuotos.<\/p>\n<p>ID C0107<\/p>","protected":false},"excerpt":{"rendered":"<p>Speci\u0101lu uzdevumu tehniska iesie\u0161ana . Miniat\u016bra, vienk\u0101r\u0161a un univers\u0101la, t\u0101 darbosies gandr\u012bz jebkur\u0101 interjer\u0101. Tas harmoniz\u0113jas ar modernu vai minim\u0101listisku dekoru, bet k\u0101 diskr\u0113ts gaismas avots p\u0101rsteidzo\u0161i sapl\u016bst ar telpu. To var uzst\u0101d\u012bt ar\u012b viet\u0101s, kur ir saskare ar \u016bdens \u0161\u013cakat\u0101m.<\/p>","protected":false},"featured_media":2561,"template":"","meta":{"_acf_changed":false},"product_brand":[],"product_cat":[42,54],"product_tag":[44],"class_list":{"0":"post-2560","1":"product","2":"type-product","3":"status-publish","4":"has-post-thumbnail","6":"product_cat-apgaismojums","7":"product_cat-griestu-lampas-plafoni","8":"product_tag-maxlight","10":"first","11":"instock","12":"shipping-taxable","13":"purchasable","14":"product-type-simple"},"acf":[],"_links":{"self":[{"href":"https:\/\/lightup.lv\/lt\/wp-json\/wp\/v2\/product\/2560","targetHints":{"allow":["GET"]}}],"collection":[{"href":"https:\/\/lightup.lv\/lt\/wp-json\/wp\/v2\/product"}],"about":[{"href":"https:\/\/lightup.lv\/lt\/wp-json\/wp\/v2\/types\/product"}],"wp:featuredmedia":[{"embeddable":true,"href":"https:\/\/lightup.lv\/lt\/wp-json\/wp\/v2\/media\/2561"}],"wp:attachment":[{"href":"https:\/\/lightup.lv\/lt\/wp-json\/wp\/v2\/media?parent=2560"}],"wp:term":[{"taxonomy":"product_brand","embeddable":true,"href":"https:\/\/lightup.lv\/lt\/wp-json\/wp\/v2\/product_brand?post=2560"},{"taxonomy":"product_cat","embeddable":true,"href":"https:\/\/lightup.lv\/lt\/wp-json\/wp\/v2\/product_cat?post=2560"},{"taxonomy":"product_tag","embeddable":true,"href":"https:\/\/lightup.lv\/lt\/wp-json\/wp\/v2\/product_tag?post=2560"}],"curies":[{"name":"wp","href":"https:\/\/api.w.org\/{rel}","templated":true}]}}