{"id":2821,"date":"2020-04-08T07:32:31","date_gmt":"2020-04-08T07:32:31","guid":{"rendered":"https:\/\/lightup.lv\/product\/panama-kresls-ar-roku-balstiem\/"},"modified":"2024-07-23T12:28:24","modified_gmt":"2024-07-23T10:28:24","slug":"panamos-fotelis-su-porankiais","status":"publish","type":"product","link":"https:\/\/lightup.lv\/lt\/produktu-katalogas\/panamos-fotelis-su-porankiais\/","title":{"rendered":"Panamos k\u0117d\u0117 su porankiais"},"content":{"rendered":"<p>Spalva: juoda\/tamsiai \u017ealia, antracito\/ruda, balta\/sm\u0117lio, juoda\/tamsiai pilka<br \/>\nS\u0117dyn\u0117s auk\u0161tis: 44 cm<br \/>\nK\u0117d\u0117s plotis: 59 cm<br \/>\nK\u0117d\u0117s auk\u0161tis: 82 cm<br \/>\nSpalvota Panamos k\u0117d\u0117, aliuminio r\u0117mas, mink\u0161ta audinio s\u0117dyn\u0117, pinti \u0161onai su guminiu dr\u0117gmei atspariu audiniu.<\/p>\n<p>ID PANAMAPOL TRONCINA<\/p>","protected":false},"excerpt":{"rendered":"<p>\u201eGrattoni\u201c buvo \u012fkurta 1972 m. San Giovanni al Natisone \u2013 Italijos k\u0117d\u017ei\u0173 rajono \u0161irdyje \u2013 kaip klasikinio dizaino k\u0117d\u017ei\u0173 gamintoja. 2010 m. \u012fmon\u0117 specializavosi komercin\u0117je veikloje, importuodama kokybi\u0161kus terasos baldus. Tarp j\u0173 \u2013 k\u0117d\u0117s, sofos, foteliai, stalai ir stal\u0173 pagrindai, skirti naudoti viduje ir lauke, skirti gyvenamosioms ir svetingumo \u012fmon\u0117ms.<\/p>","protected":false},"featured_media":2822,"template":"","meta":{"_acf_changed":false},"product_brand":[],"product_cat":[51,213,50],"product_tag":[66],"class_list":{"0":"post-2821","1":"product","2":"type-product","3":"status-publish","4":"has-post-thumbnail","6":"product_cat-kresli-terases-mebeles","7":"product_cat-salona-pieejams","8":"product_cat-terases-mebeles","9":"product_tag-grattoni","11":"first","12":"instock","13":"shipping-taxable","14":"purchasable","15":"product-type-simple"},"acf":[],"_links":{"self":[{"href":"https:\/\/lightup.lv\/lt\/wp-json\/wp\/v2\/product\/2821","targetHints":{"allow":["GET"]}}],"collection":[{"href":"https:\/\/lightup.lv\/lt\/wp-json\/wp\/v2\/product"}],"about":[{"href":"https:\/\/lightup.lv\/lt\/wp-json\/wp\/v2\/types\/product"}],"wp:featuredmedia":[{"embeddable":true,"href":"https:\/\/lightup.lv\/lt\/wp-json\/wp\/v2\/media\/2822"}],"wp:attachment":[{"href":"https:\/\/lightup.lv\/lt\/wp-json\/wp\/v2\/media?parent=2821"}],"wp:term":[{"taxonomy":"product_brand","embeddable":true,"href":"https:\/\/lightup.lv\/lt\/wp-json\/wp\/v2\/product_brand?post=2821"},{"taxonomy":"product_cat","embeddable":true,"href":"https:\/\/lightup.lv\/lt\/wp-json\/wp\/v2\/product_cat?post=2821"},{"taxonomy":"product_tag","embeddable":true,"href":"https:\/\/lightup.lv\/lt\/wp-json\/wp\/v2\/product_tag?post=2821"}],"curies":[{"name":"wp","href":"https:\/\/api.w.org\/{rel}","templated":true}]}}