{"id":2941,"date":"2020-04-08T18:57:43","date_gmt":"2020-04-08T18:57:43","guid":{"rendered":"https:\/\/lightup.lv\/product\/hornbrook-pits-kresls-ar-roku-balstiem\/"},"modified":"2024-01-29T11:55:29","modified_gmt":"2024-01-29T11:55:29","slug":"hornbrook-pits-kresls-ar-roku-balstiem","status":"publish","type":"product","link":"https:\/\/lightup.lv\/lt\/produktu-katalogas\/hornbrook-pits-kresls-ar-roku-balstiem\/","title":{"rendered":"Hornbrook p\u012bts kr\u0113sls ar roku balstiem"},"content":{"rendered":"<p>Kr\u0101sa : Br\u016bna\/B\u0113\u0161a<br \/>\nAugstums : 82 cm<br \/>\nPlatums : 67\u00a0 cm<br \/>\nGarums : 82 cm<br \/>\nS\u0113des garums : 82 cm<br \/>\nS\u0117dyn\u0117s auk\u0161tis: 47 cm<br \/>\nTr\u012bsda\u013c\u012bgs d\u012bv\u0101ns no b\u0113\u0161a palmukoka pinuma ar m\u012bkstiem spilveniem.<\/p>\n<p>ID 3761-20-02<\/p>","protected":false},"excerpt":{"rendered":"<p>Hornbrook lounge zonas s\u0113rija ar retro piesk\u0101rienu. T\u0101 sast\u0101v no b\u0113\u0161\u0101m palmukoka pinuma deta\u013c\u0101m\u00a0 un b\u0113\u0161iem spilveniem.<\/p>","protected":false},"featured_media":2942,"template":"","meta":{"_acf_changed":false},"product_brand":[],"product_cat":[73,51,50],"product_tag":[52],"class_list":{"0":"post-2941","1":"product","2":"type-product","3":"status-publish","4":"has-post-thumbnail","6":"product_cat-divani-terases","7":"product_cat-kresli-terases-mebeles","8":"product_cat-terases-mebeles","9":"product_tag-brafab","11":"first","12":"instock","13":"shipping-taxable","14":"purchasable","15":"product-type-simple"},"acf":[],"_links":{"self":[{"href":"https:\/\/lightup.lv\/lt\/wp-json\/wp\/v2\/product\/2941","targetHints":{"allow":["GET"]}}],"collection":[{"href":"https:\/\/lightup.lv\/lt\/wp-json\/wp\/v2\/product"}],"about":[{"href":"https:\/\/lightup.lv\/lt\/wp-json\/wp\/v2\/types\/product"}],"wp:featuredmedia":[{"embeddable":true,"href":"https:\/\/lightup.lv\/lt\/wp-json\/wp\/v2\/media\/2942"}],"wp:attachment":[{"href":"https:\/\/lightup.lv\/lt\/wp-json\/wp\/v2\/media?parent=2941"}],"wp:term":[{"taxonomy":"product_brand","embeddable":true,"href":"https:\/\/lightup.lv\/lt\/wp-json\/wp\/v2\/product_brand?post=2941"},{"taxonomy":"product_cat","embeddable":true,"href":"https:\/\/lightup.lv\/lt\/wp-json\/wp\/v2\/product_cat?post=2941"},{"taxonomy":"product_tag","embeddable":true,"href":"https:\/\/lightup.lv\/lt\/wp-json\/wp\/v2\/product_tag?post=2941"}],"curies":[{"name":"wp","href":"https:\/\/api.w.org\/{rel}","templated":true}]}}